{"id":600,"date":"2022-06-26T14:36:57","date_gmt":"2022-06-26T14:36:57","guid":{"rendered":"https:\/\/www.baduno.com\/product\/vorteil-social-marketing\/"},"modified":"2022-06-26T14:36:57","modified_gmt":"2022-06-26T14:36:57","slug":"sozialmarketing-vorteil","status":"publish","type":"product","link":"https:\/\/www.etrust.website\/de\/produkt\/sozialmarketing-vorteil\/","title":{"rendered":"Vorteil Social Marketing"},"content":{"rendered":"<p><strong>Andere Unternehmen zertr\u00fcmmern es auf Social Media<\/strong><\/p>\n<p>Diese bekannten sozialen Plattformen haben eine gigantische Reichweite! Allein Facebook hat \u00fcber 2 Milliarden aktive Nutzer und eine F\u00fclle von benutzerfreundlichen Tools, die darauf ausgelegt sind, die Verbreitung von Inhalten zu f\u00f6rdern. Hinzu kommt, dass die sozialen Medien es Ihnen erm\u00f6glichen, mit Ihrem Publikum in Kontakt zu treten und direkt mit ihm zu kommunizieren. Indem Sie eine Beziehung zu Ihren Followern aufbauen, k\u00f6nnen Sie sicherstellen, dass Ihre Produkte und Inhalte auch wirklich bei ihnen ankommen, indem Sie ihnen geben, was sie wollen. Sie k\u00f6nnen echte Fans gewinnen, die alles, was Sie erstellen, mit Ihnen teilen und fast alle Inhalte, die Sie ver\u00f6ffentlichen, kaufen.<\/p>\n<p><strong>Das ist der Vorteil von Social Marketing<\/strong><\/p>\n<p>Wenn sich das nach genau dem Schuss in den Arm anh\u00f6rt, den Ihr Unternehmen braucht, um schreiend ins 21. Wenn Sie also gerade eine &#8222;halbe&#8220; soziale Kampagne durchf\u00fchren, brauchen Sie dieses Produkt. So werden Sie vom schwankenden Anf\u00e4nger zum Experten und erhalten leistungsstarke Einblicke und fortgeschrittene Strategien, die Ihnen helfen werden, an der Konkurrenz vorbeizusegeln.<\/p>\n","protected":false},"excerpt":{"rendered":"<p><strong>&#8222;Entdecken Sie die Schritt-f\u00fcr-Schritt-Blaupause, um Social Media Marketing zu dominieren und Gewinne zu erzielen &#8230;ab heute!&#8220;<\/strong><\/p>\n<p>Dieser umfassende, 8-teilige Social-Media-Marketing-Kurs f\u00fchrt Sie von Null auf brandneue Kunden! Sind Sie bereit, bei Ihren Social-Media-Marketingbem\u00fchungen endlich die Oberhand zu gewinnen? So viele kleine Unternehmen, Unternehmer und andere haben Marken, die sie bewerben wollen, haben aber kaum eine Ahnung, wie sie das auf Facebook, Twitter und Instagram effektiv tun k\u00f6nnen&#8230; Ganz zu schweigen von LinkedIn, Google Plus oder Pinterest!<\/p>\n","protected":false},"featured_media":203,"comment_status":"open","ping_status":"closed","template":"","meta":[],"product_cat":[55],"product_tag":[],"class_list":{"0":"post-600","1":"product","2":"type-product","3":"status-publish","4":"has-post-thumbnail","6":"product_cat-marketing-fur-soziale-medien","8":"first","9":"instock","10":"sale","11":"downloadable","12":"shipping-taxable","13":"purchasable","14":"product-type-simple"},"_links":{"self":[{"href":"https:\/\/www.etrust.website\/de\/wp-json\/wp\/v2\/product\/600","targetHints":{"allow":["GET"]}}],"collection":[{"href":"https:\/\/www.etrust.website\/de\/wp-json\/wp\/v2\/product"}],"about":[{"href":"https:\/\/www.etrust.website\/de\/wp-json\/wp\/v2\/types\/product"}],"replies":[{"embeddable":true,"href":"https:\/\/www.etrust.website\/de\/wp-json\/wp\/v2\/comments?post=600"}],"wp:featuredmedia":[{"embeddable":true,"href":"https:\/\/www.etrust.website\/de\/wp-json\/wp\/v2\/media\/203"}],"wp:attachment":[{"href":"https:\/\/www.etrust.website\/de\/wp-json\/wp\/v2\/media?parent=600"}],"wp:term":[{"taxonomy":"product_cat","embeddable":true,"href":"https:\/\/www.etrust.website\/de\/wp-json\/wp\/v2\/product_cat?post=600"},{"taxonomy":"product_tag","embeddable":true,"href":"https:\/\/www.etrust.website\/de\/wp-json\/wp\/v2\/product_tag?post=600"}],"curies":[{"name":"wp","href":"https:\/\/api.w.org\/{rel}","templated":true}]}}