{"id":629,"date":"2022-06-26T17:25:19","date_gmt":"2022-06-26T17:25:19","guid":{"rendered":"https:\/\/www.baduno.com\/product\/facebook-anzeigen-gemeistert\/"},"modified":"2022-06-26T17:25:19","modified_gmt":"2022-06-26T17:25:19","slug":"facebook-ads-mastered-2","status":"publish","type":"product","link":"https:\/\/www.etrust.website\/de\/produkt\/facebook-ads-mastered-2\/","title":{"rendered":"Facebook-Anzeigen gemeistert"},"content":{"rendered":"<p>Facebook-Anzeigen werden als Werbeform immer beliebter, weil sie sehr effektiv sind. Wenn Sie jedoch nicht aufpassen, k\u00f6nnen Sie eine echte \u00dcberraschung erleben, wenn Sie feststellen, dass Ihre Rechnung f\u00fcr nur ein paar Tage Hunderte von Dollar betr\u00e4gt. Aus diesem Grund ist es so wichtig, einen Schwellenwert f\u00fcr die Klickrate festzulegen. Dar\u00fcber hinaus werden einige Anzeigen besser abschneiden als andere. Das Letzte, was Sie wollen, ist, dass Sie Ihr Geld f\u00fcr Anzeigen wegwerfen, die nicht gut laufen. Dies ist ein weiterer guter Grund, f\u00fcr alle Facebook-Werbekampagnen einen Schwellenwert f\u00fcr die Klickrate festzulegen. Schauen wir uns ein Beispiel an. Nehmen wir an, wir erstellen eine Kampagne, die darauf abzielt, mehr Menschen auf unsere Seite zu bringen, um unsere Fans f\u00fcr weniger als 0,30 Dollar pro Fan zu vergr\u00f6\u00dfern. Unsere Anzeige generierte jedoch 3 Fans beim Mindestgebot und 21 Fans beim H\u00f6chstgebot. Dies setzt voraus, dass alle unsere Klicks in Likes umgewandelt werden. Das bedeutet, dass unsere Kosten pro Fan zwischen 0,65 $ und 5,60 $ lagen, wobei die meisten im oberen Bereich lagen. Das Endergebnis: Wir w\u00fcrden die Anzeige wegen mangelnder Leistung l\u00f6schen. Die Ausgaben f\u00fcr die Anzeige h\u00e4tten viel geringer ausfallen k\u00f6nnen, wenn wir eine Facebook-Anzeigenschwelle festgelegt h\u00e4tten. Es ist wichtig, dass Sie festlegen, mit welcher Klickrate Sie einverstanden sind, und dass Sie dann alle Anzeigen, die nicht den von Ihnen festgelegten Standards entsprechen, sofort l\u00f6schen. So k\u00f6nnen Sie sicherstellen, dass Sie keine gro\u00dfen \u00dcberraschungen erleben oder Rechnungen bezahlen m\u00fcssen, die Sie sich nicht leisten k\u00f6nnen. Denken Sie daran, dass Sie bei der Einrichtung Ihrer Facebook-Werbekampagnen Ihre Kreditkarteninformationen und die Genehmigung zur Belastung dieser Kreditkarte angeben. Facebook-Werbekampagnen sind eine gro\u00dfartige M\u00f6glichkeit, neue Besucher auf Ihre Facebook-Seite oder Ihre Website zu bringen oder eine Werbeaktion durchzuf\u00fchren, um nur einige Beispiele zu nennen. Bevor Sie sich jedoch mit beiden Beinen in die Kampagne st\u00fcrzen, sollten Sie sich die Zeit nehmen, um zu lernen und zu verstehen, wie Facebook-Werbeanzeigen funktionieren, damit Ihre Erfahrungen positiv sind und Sie tats\u00e4chlich von einer Facebook-Werbekampagne profitieren. Denn wenn Sie nicht verstehen, wie alles zusammenh\u00e4ngt, besteht die Gefahr, dass Sie eine sehr hohe Geb\u00fchr zahlen m\u00fcssen, die Ihnen nicht zum Vorteil gereicht.<\/p>\n","protected":false},"excerpt":{"rendered":"<p>Zu einer effektiven Facebook-Werbekampagne geh\u00f6rt mehr als nur die Schaltung einer Anzeige auf Facebook. Nat\u00fcrlich k\u00f6nnen Sie gelegentlich Gl\u00fcck haben und mit dieser Art von Facebook-Werbekampagne Erfolg haben, aber Sie k\u00f6nnen einen regelm\u00e4\u00dfigen Erfolg sicherstellen, indem Sie Anzeigen erstellen, die mit diesen 5 Tipps effektiv sind.<\/p>\n","protected":false},"featured_media":283,"comment_status":"open","ping_status":"closed","template":"","meta":[],"product_cat":[59],"product_tag":[],"class_list":{"0":"post-629","1":"product","2":"type-product","3":"status-publish","4":"has-post-thumbnail","6":"product_cat-soziales-online-marketing","8":"first","9":"instock","10":"sale","11":"downloadable","12":"shipping-taxable","13":"purchasable","14":"product-type-simple"},"_links":{"self":[{"href":"https:\/\/www.etrust.website\/de\/wp-json\/wp\/v2\/product\/629","targetHints":{"allow":["GET"]}}],"collection":[{"href":"https:\/\/www.etrust.website\/de\/wp-json\/wp\/v2\/product"}],"about":[{"href":"https:\/\/www.etrust.website\/de\/wp-json\/wp\/v2\/types\/product"}],"replies":[{"embeddable":true,"href":"https:\/\/www.etrust.website\/de\/wp-json\/wp\/v2\/comments?post=629"}],"wp:featuredmedia":[{"embeddable":true,"href":"https:\/\/www.etrust.website\/de\/wp-json\/wp\/v2\/media\/283"}],"wp:attachment":[{"href":"https:\/\/www.etrust.website\/de\/wp-json\/wp\/v2\/media?parent=629"}],"wp:term":[{"taxonomy":"product_cat","embeddable":true,"href":"https:\/\/www.etrust.website\/de\/wp-json\/wp\/v2\/product_cat?post=629"},{"taxonomy":"product_tag","embeddable":true,"href":"https:\/\/www.etrust.website\/de\/wp-json\/wp\/v2\/product_tag?post=629"}],"curies":[{"name":"wp","href":"https:\/\/api.w.org\/{rel}","templated":true}]}}