{"id":595,"date":"2022-06-26T14:30:17","date_gmt":"2022-06-26T14:30:17","guid":{"rendered":"https:\/\/www.baduno.com\/product\/aumento-de-las-ventas-con-instagram\/"},"modified":"2022-06-26T14:30:17","modified_gmt":"2022-06-26T14:30:17","slug":"auge-de-las-ventas-con-instagram","status":"publish","type":"product","link":"https:\/\/www.etrust.website\/es\/producto\/auge-de-las-ventas-con-instagram\/","title":{"rendered":"Aumento de las ventas con Instagram"},"content":{"rendered":"<p>Los mejores consejos de marketing en Instagram para impulsar tu negocio. Muchas peque\u00f1as empresas est\u00e1n recurriendo a las redes sociales y a la publicidad m\u00f3vil para ayudar a crear curiosidad, hacer crecer su marca y, en \u00faltima instancia, vender m\u00e1s productos; e Instagram es ideal para productos y servicios tanto f\u00edsicos como online. Se ha convertido en un lugar en el que los usuarios est\u00e1n dispuestos a comprar en el momento. Conozca algunas de las t\u00e9cnicas m\u00e1s probadas para impulsar su negocio.<\/p>\n","protected":false},"excerpt":{"rendered":"<p>Una de las mejores cosas que las redes sociales han aportado al marketing digital es que han permitido a las empresas comunicarse con su mercado objetivo en una plataforma en la que siempre est\u00e1n presentes. Adem\u00e1s, les ha proporcionado una forma de que las marcas, ya sean grandes o peque\u00f1as empresas, obtengan una visi\u00f3n m\u00e1s rica de los datos precisos que pueden extraer de sus actividades en las redes sociales.<\/p>\n","protected":false},"featured_media":135,"comment_status":"open","ping_status":"closed","template":"","meta":[],"product_cat":[56],"product_tag":[],"class_list":{"0":"post-595","1":"product","2":"type-product","3":"status-publish","4":"has-post-thumbnail","6":"product_cat-marketing-en-redes-sociales","8":"first","9":"instock","10":"sale","11":"downloadable","12":"shipping-taxable","13":"purchasable","14":"product-type-simple"},"_links":{"self":[{"href":"https:\/\/www.etrust.website\/es\/wp-json\/wp\/v2\/product\/595","targetHints":{"allow":["GET"]}}],"collection":[{"href":"https:\/\/www.etrust.website\/es\/wp-json\/wp\/v2\/product"}],"about":[{"href":"https:\/\/www.etrust.website\/es\/wp-json\/wp\/v2\/types\/product"}],"replies":[{"embeddable":true,"href":"https:\/\/www.etrust.website\/es\/wp-json\/wp\/v2\/comments?post=595"}],"wp:featuredmedia":[{"embeddable":true,"href":"https:\/\/www.etrust.website\/es\/wp-json\/wp\/v2\/media\/135"}],"wp:attachment":[{"href":"https:\/\/www.etrust.website\/es\/wp-json\/wp\/v2\/media?parent=595"}],"wp:term":[{"taxonomy":"product_cat","embeddable":true,"href":"https:\/\/www.etrust.website\/es\/wp-json\/wp\/v2\/product_cat?post=595"},{"taxonomy":"product_tag","embeddable":true,"href":"https:\/\/www.etrust.website\/es\/wp-json\/wp\/v2\/product_tag?post=595"}],"curies":[{"name":"wp","href":"https:\/\/api.w.org\/{rel}","templated":true}]}}