{"id":602,"date":"2022-06-26T14:36:57","date_gmt":"2022-06-26T14:36:57","guid":{"rendered":"https:\/\/www.baduno.com\/product\/ventaja-del-marketing-social\/"},"modified":"2022-06-26T14:36:57","modified_gmt":"2022-06-26T14:36:57","slug":"ventaja-social-mercantil","status":"publish","type":"product","link":"https:\/\/www.etrust.website\/es\/producto\/ventaja-social-mercantil\/","title":{"rendered":"Ventaja del marketing social"},"content":{"rendered":"<p><strong>Otras empresas est\u00e1n arrasando en las redes sociales<\/strong><\/p>\n<p>Estas conocidas plataformas sociales tienen un alcance gigantesco. S\u00f3lo Facebook tiene m\u00e1s de 2.000 millones de usuarios activos y una pl\u00e9tora de herramientas f\u00e1ciles de usar dise\u00f1adas para fomentar que las cosas se vuelvan virales. Adem\u00e1s, las redes sociales le permiten relacionarse con su p\u00fablico y comunicarse con \u00e9l directamente. Si construyes una relaci\u00f3n con tus seguidores, puedes asegurarte de que tus productos y contenidos realmente resuenan con ellos, d\u00e1ndoles lo que quieren. Puedes ganar verdaderos fans que compartir\u00e1n todo lo que creas y comprar\u00e1n casi cualquier contenido que publiques.<\/p>\n<p><strong>Eso esLa ventaja del marketing social<\/strong><\/p>\n<p>Si eso suena exactamente como la inyecci\u00f3n de energ\u00eda que su empresa necesita para entrar en el siglo XXI, \u00a1entonces sum\u00e9rjase! As\u00ed que si actualmente est\u00e1s \u00abmedio\u00bb dirigiendo una campa\u00f1a social, necesitas este producto. Esto le har\u00e1 pasar de principiante a experto y le proporcionar\u00e1 algunas ideas poderosas y estrategias avanzadas que le ayudar\u00e1n a superar a la competencia.<\/p>\n","protected":false},"excerpt":{"rendered":"<p><strong>\u00abDescubra el plan paso a paso para dominar el marketing en las redes sociales y obtener beneficios&#8230; \u00a1empezando hoy mismo!\u00bb<\/strong><\/p>\n<p>Este completo curso de marketing en redes sociales de la A a la Z, de 8 partes, le guiar\u00e1 de cero a nuevos clientes. \u00bfEst\u00e1 listo para obtener por fin una ventaja en sus esfuerzos de marketing en las redes sociales? Muchas peque\u00f1as empresas, emprendedores y otras personas tienen marcas que quieren promocionar pero no tienen mucha idea de c\u00f3mo hacerlo de forma efectiva en Facebook, Twitter e Instagram&#8230; \u00a1Y mucho menos en LinkedIn, Google Plus o Pinterest!<\/p>\n","protected":false},"featured_media":205,"comment_status":"open","ping_status":"closed","template":"","meta":[],"product_cat":[56],"product_tag":[],"class_list":{"0":"post-602","1":"product","2":"type-product","3":"status-publish","4":"has-post-thumbnail","6":"product_cat-marketing-en-redes-sociales","8":"first","9":"instock","10":"sale","11":"downloadable","12":"shipping-taxable","13":"purchasable","14":"product-type-simple"},"_links":{"self":[{"href":"https:\/\/www.etrust.website\/es\/wp-json\/wp\/v2\/product\/602","targetHints":{"allow":["GET"]}}],"collection":[{"href":"https:\/\/www.etrust.website\/es\/wp-json\/wp\/v2\/product"}],"about":[{"href":"https:\/\/www.etrust.website\/es\/wp-json\/wp\/v2\/types\/product"}],"replies":[{"embeddable":true,"href":"https:\/\/www.etrust.website\/es\/wp-json\/wp\/v2\/comments?post=602"}],"wp:featuredmedia":[{"embeddable":true,"href":"https:\/\/www.etrust.website\/es\/wp-json\/wp\/v2\/media\/205"}],"wp:attachment":[{"href":"https:\/\/www.etrust.website\/es\/wp-json\/wp\/v2\/media?parent=602"}],"wp:term":[{"taxonomy":"product_cat","embeddable":true,"href":"https:\/\/www.etrust.website\/es\/wp-json\/wp\/v2\/product_cat?post=602"},{"taxonomy":"product_tag","embeddable":true,"href":"https:\/\/www.etrust.website\/es\/wp-json\/wp\/v2\/product_tag?post=602"}],"curies":[{"name":"wp","href":"https:\/\/api.w.org\/{rel}","templated":true}]}}