{"id":606,"date":"2022-06-26T14:33:16","date_gmt":"2022-06-26T14:33:16","guid":{"rendered":"https:\/\/www.baduno.com\/product\/historias-de-instagram\/"},"modified":"2022-06-26T14:33:16","modified_gmt":"2022-06-26T14:33:16","slug":"instagram-stories-2","status":"publish","type":"product","link":"https:\/\/www.etrust.website\/es\/producto\/instagram-stories-2\/","title":{"rendered":"Historias de Instagram"},"content":{"rendered":"<div class=\"field field-name-body field-type-text-with-summary field-label-hidden\">\n<div class=\"field-items\">\n<div class=\"field-item even\">\n<p>Descubre c\u00f3mo aprovechar Instagram y su funci\u00f3n \u00abHistorias\u00bb para conseguir seguidores altamente comprometidos, tr\u00e1fico y ganar todo el dinero posible. Estas son algunas de las cosas que aprender\u00e1s: c\u00f3mo elegir un nicho, c\u00f3mo hacer crecer tu cuenta, c\u00f3mo monetizar tu cuenta y mucho, mucho m\u00e1s.<\/p>\n<\/div>\n<\/div>\n<\/div>\n<div class=\"field field-name-field-category field-type-taxonomy-term-reference field-label-inline clearfix\"><\/div>\n","protected":false},"excerpt":{"rendered":"<p>Una introducci\u00f3n a las Historias de Instagram y por qu\u00e9 es una gran noticia para los profesionales del marketing Las Historias de Instagram se pueden resumir esencialmente como el intento de Instagram de subirse al tren de la salsa de SnapChat. Se trata de fotos que los titulares de las cuentas de Instagram pueden tomar y compartir con sus usuarios, pero que se \u00abautodestruir\u00e1n\u00bb al cabo de una hora, en lugar de guardarse en la red de ese usuario. Esto puede parecer una nueva caracter\u00edstica peque\u00f1a o poco emocionante para la plataforma, pero en realidad, representa un paso audaz hacia el futuro para Instagram y una gran oportunidad para los vendedores. Por qu\u00e9 son importantes las Historias de Instagram<\/p>\n","protected":false},"featured_media":190,"comment_status":"open","ping_status":"closed","template":"","meta":[],"product_cat":[56],"product_tag":[],"class_list":{"0":"post-606","1":"product","2":"type-product","3":"status-publish","4":"has-post-thumbnail","6":"product_cat-marketing-en-redes-sociales","8":"first","9":"instock","10":"sale","11":"downloadable","12":"shipping-taxable","13":"purchasable","14":"product-type-simple"},"_links":{"self":[{"href":"https:\/\/www.etrust.website\/es\/wp-json\/wp\/v2\/product\/606","targetHints":{"allow":["GET"]}}],"collection":[{"href":"https:\/\/www.etrust.website\/es\/wp-json\/wp\/v2\/product"}],"about":[{"href":"https:\/\/www.etrust.website\/es\/wp-json\/wp\/v2\/types\/product"}],"replies":[{"embeddable":true,"href":"https:\/\/www.etrust.website\/es\/wp-json\/wp\/v2\/comments?post=606"}],"wp:featuredmedia":[{"embeddable":true,"href":"https:\/\/www.etrust.website\/es\/wp-json\/wp\/v2\/media\/190"}],"wp:attachment":[{"href":"https:\/\/www.etrust.website\/es\/wp-json\/wp\/v2\/media?parent=606"}],"wp:term":[{"taxonomy":"product_cat","embeddable":true,"href":"https:\/\/www.etrust.website\/es\/wp-json\/wp\/v2\/product_cat?post=606"},{"taxonomy":"product_tag","embeddable":true,"href":"https:\/\/www.etrust.website\/es\/wp-json\/wp\/v2\/product_tag?post=606"}],"curies":[{"name":"wp","href":"https:\/\/api.w.org\/{rel}","templated":true}]}}