{"id":613,"date":"2022-06-26T14:57:58","date_gmt":"2022-06-26T14:57:58","guid":{"rendered":"https:\/\/www.baduno.com\/product\/dominio-y-comercializacion-del-video-en-linea-de-forma-sencilla\/"},"modified":"2022-06-26T14:57:58","modified_gmt":"2022-06-26T14:57:58","slug":"dominar-y-comercializar-el-video-en-linea-de-forma-sencilla","status":"publish","type":"product","link":"https:\/\/www.etrust.website\/es\/producto\/dominar-y-comercializar-el-video-en-linea-de-forma-sencilla\/","title":{"rendered":"Dominio y comercializaci\u00f3n del v\u00eddeo en l\u00ednea de forma sencilla"},"content":{"rendered":"<p>\u00bfLe parece casi imposible hacer un marketing eficiente, eficaz y competitivo? \u00bfHa gastado meses de trabajo duro y varios miles de d\u00f3lares tratando de desmitificar el rompecabezas del SEO? \u00bfLos \u00abautoproclamados\u00bb expertos en SEO le resultan in\u00fatiles? \u00bfSiente el calor de la crisis econ\u00f3mica? No te sientas desilusionado. Todav\u00eda hay una forma de conseguir un alto rendimiento de la inversi\u00f3n. Utiliza el v\u00eddeo marketing en lugar de las t\u00e9cnicas tradicionales para ver c\u00f3mo subes la escalera social.<\/p>\n<p>Aproveche el poder del video marketing para convertirse en una sensaci\u00f3n en l\u00ednea. Con\u00e9ctese con sus clientes potenciales y convi\u00e9rtase en una marca a tener en cuenta.<\/p>\n","protected":false},"excerpt":{"rendered":"<p>La evoluci\u00f3n de las tecnolog\u00edas ha provocado un cambio de paradigma en la forma en que las empresas sol\u00edan hacer sus negocios. Ya han pasado los d\u00edas en que los medios impresos, la radio y la televisi\u00f3n se consideraban las \u00fanicas formas de llegar a las masas. La evoluci\u00f3n de Internet ha provocado una revoluci\u00f3n sobre todo en los campos de la publicidad y el marketing. Internet se ha convertido en el modo de comunicaci\u00f3n m\u00e1s eficaz y, en la actualidad, millones de empresas de todo el mundo realizan actividades comerciales en l\u00ednea de una forma u otra. Incluso las empresas que no tienen presencia en Internet dependen en gran medida de la publicidad y las campa\u00f1as de marketing en l\u00ednea para llegar a millones de consumidores potenciales y crear conciencia de marca y promover sus productos y servicios.<\/p>\n","protected":false},"featured_media":215,"comment_status":"open","ping_status":"closed","template":"","meta":[],"product_cat":[60],"product_tag":[],"class_list":{"0":"post-613","1":"product","2":"type-product","3":"status-publish","4":"has-post-thumbnail","6":"product_cat-marketing-social-en-linea","8":"first","9":"instock","10":"sale","11":"downloadable","12":"shipping-taxable","13":"purchasable","14":"product-type-simple"},"_links":{"self":[{"href":"https:\/\/www.etrust.website\/es\/wp-json\/wp\/v2\/product\/613","targetHints":{"allow":["GET"]}}],"collection":[{"href":"https:\/\/www.etrust.website\/es\/wp-json\/wp\/v2\/product"}],"about":[{"href":"https:\/\/www.etrust.website\/es\/wp-json\/wp\/v2\/types\/product"}],"replies":[{"embeddable":true,"href":"https:\/\/www.etrust.website\/es\/wp-json\/wp\/v2\/comments?post=613"}],"wp:featuredmedia":[{"embeddable":true,"href":"https:\/\/www.etrust.website\/es\/wp-json\/wp\/v2\/media\/215"}],"wp:attachment":[{"href":"https:\/\/www.etrust.website\/es\/wp-json\/wp\/v2\/media?parent=613"}],"wp:term":[{"taxonomy":"product_cat","embeddable":true,"href":"https:\/\/www.etrust.website\/es\/wp-json\/wp\/v2\/product_cat?post=613"},{"taxonomy":"product_tag","embeddable":true,"href":"https:\/\/www.etrust.website\/es\/wp-json\/wp\/v2\/product_tag?post=613"}],"curies":[{"name":"wp","href":"https:\/\/api.w.org\/{rel}","templated":true}]}}