{"id":619,"date":"2022-06-26T15:16:38","date_gmt":"2022-06-26T15:16:38","guid":{"rendered":"https:\/\/www.baduno.com\/product\/marketing-moderno-en-facebook\/"},"modified":"2022-06-26T15:16:38","modified_gmt":"2022-06-26T15:16:38","slug":"modern-facebook-marketing-2","status":"publish","type":"product","link":"https:\/\/www.etrust.website\/es\/producto\/modern-facebook-marketing-2\/","title":{"rendered":"Marketing moderno en Facebook"},"content":{"rendered":"<p>Cuando se trata de la selecci\u00f3n de grupos demogr\u00e1ficos basada en el comportamiento individual de los usuarios, nada se acerca a Facebook. Facebook puede hacer conjeturas sobre tus intereses y mostrarte publicidad que se ajuste a ellos. No se trata de un objetivo liviano, ojo. No puedes permitirte perderte Facebook y su potencial de marketing. Estas son algunas de las cosas que aprender\u00e1 en este libro electr\u00f3nico:<\/p>\n<ul>\n<li>Vas a entender el marketing de Facebook.<\/li>\n<li>Aprender\u00e1s a identificar los errores m\u00e1s comunes del marketing en Facebook.<\/li>\n<li>Entender\u00e1s a Facebook en t\u00e9rminos de eficiencia, eficacia y retorno de la inversi\u00f3n.<\/li>\n<li>Puede empezar a averiguar el aspecto est\u00e1ndar del sector, la estrategia de contenidos y otros elementos.<\/li>\n<li>Vas a aprender las mejores formas de promoci\u00f3n en Facebook.<\/li>\n<\/ul>\n","protected":false},"excerpt":{"rendered":"<p>La salsa secreta detr\u00e1s de la reorientaci\u00f3n publicitaria Si est\u00e1s leyendo este art\u00edculo, probablemente habr\u00e1s o\u00eddo todo tipo de cosas sobre la tecnolog\u00eda de reorientaci\u00f3n publicitaria de Facebook. D\u00e9jeme decirle que la mayor\u00eda de las cosas que ha o\u00eddo son absolutamente correctas. Tal vez haya o\u00eddo que el retargeting publicitario permite a los comerciantes llevar a los clientes de vuelta a sus carros de la compra para que compren algo. Eso es absolutamente cierto. No funciona el 100% de las veces, pero s\u00ed lo suficiente como para marcar una gran diferencia. Del mismo modo, el retargeting publicitario tambi\u00e9n permite a los comerciantes conducir a las personas a p\u00e1ginas de contenido que eventualmente convertir\u00edan a los clientes en compradores de pago.<\/p>\n","protected":false},"featured_media":235,"comment_status":"open","ping_status":"closed","template":"","meta":[],"product_cat":[56],"product_tag":[],"class_list":{"0":"post-619","1":"product","2":"type-product","3":"status-publish","4":"has-post-thumbnail","6":"product_cat-marketing-en-redes-sociales","8":"first","9":"instock","10":"sale","11":"downloadable","12":"shipping-taxable","13":"purchasable","14":"product-type-simple"},"_links":{"self":[{"href":"https:\/\/www.etrust.website\/es\/wp-json\/wp\/v2\/product\/619","targetHints":{"allow":["GET"]}}],"collection":[{"href":"https:\/\/www.etrust.website\/es\/wp-json\/wp\/v2\/product"}],"about":[{"href":"https:\/\/www.etrust.website\/es\/wp-json\/wp\/v2\/types\/product"}],"replies":[{"embeddable":true,"href":"https:\/\/www.etrust.website\/es\/wp-json\/wp\/v2\/comments?post=619"}],"wp:featuredmedia":[{"embeddable":true,"href":"https:\/\/www.etrust.website\/es\/wp-json\/wp\/v2\/media\/235"}],"wp:attachment":[{"href":"https:\/\/www.etrust.website\/es\/wp-json\/wp\/v2\/media?parent=619"}],"wp:term":[{"taxonomy":"product_cat","embeddable":true,"href":"https:\/\/www.etrust.website\/es\/wp-json\/wp\/v2\/product_cat?post=619"},{"taxonomy":"product_tag","embeddable":true,"href":"https:\/\/www.etrust.website\/es\/wp-json\/wp\/v2\/product_tag?post=619"}],"curies":[{"name":"wp","href":"https:\/\/api.w.org\/{rel}","templated":true}]}}