{"id":620,"date":"2022-06-26T17:28:40","date_gmt":"2022-06-26T17:28:40","guid":{"rendered":"https:\/\/www.baduno.com\/product\/mania-del-marketing-en-facebook\/"},"modified":"2022-06-26T17:28:40","modified_gmt":"2022-06-26T17:28:40","slug":"facebook-marketing-mania-2","status":"publish","type":"product","link":"https:\/\/www.etrust.website\/es\/producto\/facebook-marketing-mania-2\/","title":{"rendered":"Man\u00eda del marketing en Facebook"},"content":{"rendered":"<p>La forma de atraer tr\u00e1fico masivo a trav\u00e9s de una p\u00e1gina de fans es haciendo que tus fans interact\u00faen con el contenido que publicas en tu p\u00e1gina de fans. He aqu\u00ed algunas t\u00e9cnicas para lograrlo:<\/p>\n<p>-Hacer preguntas. Una de las formas es simplemente haciendo preguntas a los que nos \u00abgustan\u00bb en Facebook. Cada uno o dos d\u00edas planteamos una pregunta sencilla en la que pedimos a los lectores su opini\u00f3n, que compartan una experiencia que hayan tenido, que nos cuenten algo sobre lo que les interesa, etc.<\/p>\n","protected":false},"excerpt":{"rendered":"<p>Las p\u00e1ginas de fans de Facebook pueden ser una herramienta muy \u00fatil para atraer tr\u00e1fico masivo a tus sitios web, p\u00e1gina de Facebook o blog. Las p\u00e1ginas de fans son mejores que las p\u00e1ginas de perfil debido a la posibilidad de tener \u00abFans\u00bb que ser\u00e1n constantemente actualizados en sus feeds por cualquier cosa que publiques en tu p\u00e1gina de fans.<\/p>\n","protected":false},"featured_media":298,"comment_status":"open","ping_status":"closed","template":"","meta":[],"product_cat":[56],"product_tag":[],"class_list":{"0":"post-620","1":"product","2":"type-product","3":"status-publish","4":"has-post-thumbnail","6":"product_cat-marketing-en-redes-sociales","8":"first","9":"instock","10":"sale","11":"downloadable","12":"shipping-taxable","13":"purchasable","14":"product-type-simple"},"_links":{"self":[{"href":"https:\/\/www.etrust.website\/es\/wp-json\/wp\/v2\/product\/620","targetHints":{"allow":["GET"]}}],"collection":[{"href":"https:\/\/www.etrust.website\/es\/wp-json\/wp\/v2\/product"}],"about":[{"href":"https:\/\/www.etrust.website\/es\/wp-json\/wp\/v2\/types\/product"}],"replies":[{"embeddable":true,"href":"https:\/\/www.etrust.website\/es\/wp-json\/wp\/v2\/comments?post=620"}],"wp:featuredmedia":[{"embeddable":true,"href":"https:\/\/www.etrust.website\/es\/wp-json\/wp\/v2\/media\/298"}],"wp:attachment":[{"href":"https:\/\/www.etrust.website\/es\/wp-json\/wp\/v2\/media?parent=620"}],"wp:term":[{"taxonomy":"product_cat","embeddable":true,"href":"https:\/\/www.etrust.website\/es\/wp-json\/wp\/v2\/product_cat?post=620"},{"taxonomy":"product_tag","embeddable":true,"href":"https:\/\/www.etrust.website\/es\/wp-json\/wp\/v2\/product_tag?post=620"}],"curies":[{"name":"wp","href":"https:\/\/api.w.org\/{rel}","templated":true}]}}