{"id":635,"date":"2022-06-26T17:25:19","date_gmt":"2022-06-26T17:25:19","guid":{"rendered":"https:\/\/www.baduno.com\/product\/dominio-de-los-anuncios-de-facebook\/"},"modified":"2022-06-26T17:25:19","modified_gmt":"2022-06-26T17:25:19","slug":"facebook-ads-mastered-2","status":"publish","type":"product","link":"https:\/\/www.etrust.website\/es\/producto\/facebook-ads-mastered-2\/","title":{"rendered":"Dominio de los anuncios de Facebook"},"content":{"rendered":"<p>Los anuncios de Facebook son cada vez m\u00e1s populares como forma de publicidad porque son muy eficaces. Sin embargo, si no tienes cuidado puedes llevarte una verdadera sorpresa cuando descubras que tu factura de unos pocos d\u00edas es de cientos de d\u00f3lares. Por eso es tan importante crear un umbral de porcentaje de clics. Adem\u00e1s, algunos anuncios superar\u00e1n a otros. Lo \u00faltimo que quieres que ocurra es que tires tu dinero en los anuncios que no est\u00e1n rindiendo bien. Esta es otra buena raz\u00f3n para tener un umbral de porcentaje de clics en todas las campa\u00f1as de anuncios de Facebook. Veamos un ejemplo. Digamos que creamos una campa\u00f1a dise\u00f1ada para llevar m\u00e1s gente a nuestra p\u00e1gina para aumentar nuestros fans a menos de 0,30 d\u00f3lares por fan. Sin embargo, nuestro anuncio gener\u00f3 3 fans con la oferta m\u00ednima y 21 fans con la oferta m\u00e1xima. Esto es suponiendo que todos nuestros clics se conviertan en likes. Esto significa que nuestro coste por ventilador oscil\u00f3 entre 0,65 y 5,60 d\u00f3lares y la mayor\u00eda se situ\u00f3 en el extremo m\u00e1s alto. El resultado final: matar\u00edamos el anuncio por su bajo rendimiento. El dinero gastado en el anuncio podr\u00eda haber sido mucho menor si hubi\u00e9ramos creado un umbral de anuncios en Facebook. Es importante que determine la tasa de clics con la que est\u00e1 de acuerdo y que elimine inmediatamente cualquier anuncio que no est\u00e9 rindiendo seg\u00fan los est\u00e1ndares que haya establecido. De este modo, se asegurar\u00e1 de no tener grandes sorpresas o facturas que no pueda pagar. Recuerda que cuando configuras tus campa\u00f1as publicitarias en Facebook proporcionas los datos de tu tarjeta de cr\u00e9dito y la autorizaci\u00f3n para cargarla, por lo que es realmente importante que sepas lo que se te puede cobrar. Las campa\u00f1as publicitarias en Facebook son una forma estupenda de atraer nuevos visitantes a tu p\u00e1gina de Facebook, a tu sitio web o de realizar una promoci\u00f3n, por nombrar s\u00f3lo algunas. Sin embargo, antes de lanzarse con los pies en la tierra, te animamos a que te tomes el tiempo necesario para aprender y comprender c\u00f3mo funcionan los anuncios de Facebook, de modo que tu experiencia sea positiva y puedas cosechar los beneficios de una campa\u00f1a publicitaria en Facebook. Porque si no entiendes c\u00f3mo se conjuga todo, te enfrentas al riesgo de un cargo muy elevado que no te beneficiar\u00e1.<\/p>\n","protected":false},"excerpt":{"rendered":"<p>Tener una campa\u00f1a de anuncios en Facebook que sea efectiva implica algo m\u00e1s que poner tu anuncio en Facebook. Claro que, ocasionalmente, puedes tener suerte y disfrutar del \u00e9xito de este tipo de campa\u00f1a publicitaria en Facebook, pero puedes asegurarte el \u00e9xito regular creando anuncios que sean efectivos utilizando estos 5 consejos.<\/p>\n","protected":false},"featured_media":285,"comment_status":"open","ping_status":"closed","template":"","meta":[],"product_cat":[60],"product_tag":[],"class_list":{"0":"post-635","1":"product","2":"type-product","3":"status-publish","4":"has-post-thumbnail","6":"product_cat-marketing-social-en-linea","8":"first","9":"instock","10":"sale","11":"downloadable","12":"shipping-taxable","13":"purchasable","14":"product-type-simple"},"_links":{"self":[{"href":"https:\/\/www.etrust.website\/es\/wp-json\/wp\/v2\/product\/635","targetHints":{"allow":["GET"]}}],"collection":[{"href":"https:\/\/www.etrust.website\/es\/wp-json\/wp\/v2\/product"}],"about":[{"href":"https:\/\/www.etrust.website\/es\/wp-json\/wp\/v2\/types\/product"}],"replies":[{"embeddable":true,"href":"https:\/\/www.etrust.website\/es\/wp-json\/wp\/v2\/comments?post=635"}],"wp:featuredmedia":[{"embeddable":true,"href":"https:\/\/www.etrust.website\/es\/wp-json\/wp\/v2\/media\/285"}],"wp:attachment":[{"href":"https:\/\/www.etrust.website\/es\/wp-json\/wp\/v2\/media?parent=635"}],"wp:term":[{"taxonomy":"product_cat","embeddable":true,"href":"https:\/\/www.etrust.website\/es\/wp-json\/wp\/v2\/product_cat?post=635"},{"taxonomy":"product_tag","embeddable":true,"href":"https:\/\/www.etrust.website\/es\/wp-json\/wp\/v2\/product_tag?post=635"}],"curies":[{"name":"wp","href":"https:\/\/api.w.org\/{rel}","templated":true}]}}