{"id":647,"date":"2022-06-26T18:17:19","date_gmt":"2022-06-26T18:17:19","guid":{"rendered":"https:\/\/www.baduno.com\/product\/el-plan-de-negocio-de-google\/"},"modified":"2022-06-26T18:17:19","modified_gmt":"2022-06-26T18:17:19","slug":"the-google-business-blueprint-2","status":"publish","type":"product","link":"https:\/\/www.etrust.website\/es\/producto\/the-google-business-blueprint-2\/","title":{"rendered":"El plan de negocio de Google+"},"content":{"rendered":"<p>Lanzada en junio de 2011, Google+ es una nueva red social que est\u00e1 atrayendo la atenci\u00f3n de los profesionales del marketing. En pocos meses, la plataforma ha acumulado m\u00e1s de 40 millones de usuarios, casi un tercio de los 135 millones de miembros de LinkedIn. A pesar de este impresionante crecimiento, la adopci\u00f3n de Google+ a\u00fan no se compara con la de Facebook, que tiene m\u00e1s de 800 millones de usuarios. Pero, \u00bfqui\u00e9n sabe lo que va a pasar despu\u00e9s y puede permitirse el lujo de ignorarlo?<\/p>\n","protected":false},"excerpt":{"rendered":"<p>A principios de noviembre, Google+ finalmente despleg\u00f3 las p\u00e1ginas de empresa. Ahora la plataforma no s\u00f3lo permite a las empresas crear p\u00e1ginas, sino que tambi\u00e9n las anima a aumentar sus seguidores. \u00abEspero que las marcas se den cuenta de esto y construyan planes de marketing en torno a ello\u00bb, dijo Bradley Horowitz, vicepresidente de productos de Google+ en un art\u00edculo para The New York Times. Su declaraci\u00f3n refuerza definitivamente el potencial de la red social para fines de marketing.<\/p>\n","protected":false},"featured_media":358,"comment_status":"open","ping_status":"closed","template":"","meta":[],"product_cat":[60],"product_tag":[],"class_list":{"0":"post-647","1":"product","2":"type-product","3":"status-publish","4":"has-post-thumbnail","6":"product_cat-marketing-social-en-linea","8":"first","9":"instock","10":"sale","11":"downloadable","12":"shipping-taxable","13":"purchasable","14":"product-type-simple"},"_links":{"self":[{"href":"https:\/\/www.etrust.website\/es\/wp-json\/wp\/v2\/product\/647","targetHints":{"allow":["GET"]}}],"collection":[{"href":"https:\/\/www.etrust.website\/es\/wp-json\/wp\/v2\/product"}],"about":[{"href":"https:\/\/www.etrust.website\/es\/wp-json\/wp\/v2\/types\/product"}],"replies":[{"embeddable":true,"href":"https:\/\/www.etrust.website\/es\/wp-json\/wp\/v2\/comments?post=647"}],"wp:featuredmedia":[{"embeddable":true,"href":"https:\/\/www.etrust.website\/es\/wp-json\/wp\/v2\/media\/358"}],"wp:attachment":[{"href":"https:\/\/www.etrust.website\/es\/wp-json\/wp\/v2\/media?parent=647"}],"wp:term":[{"taxonomy":"product_cat","embeddable":true,"href":"https:\/\/www.etrust.website\/es\/wp-json\/wp\/v2\/product_cat?post=647"},{"taxonomy":"product_tag","embeddable":true,"href":"https:\/\/www.etrust.website\/es\/wp-json\/wp\/v2\/product_tag?post=647"}],"curies":[{"name":"wp","href":"https:\/\/api.w.org\/{rel}","templated":true}]}}