{"id":659,"date":"2022-06-27T13:05:00","date_gmt":"2022-06-27T13:05:00","guid":{"rendered":"https:\/\/www.baduno.com\/product\/texto-seo\/"},"modified":"2022-06-27T13:05:00","modified_gmt":"2022-06-27T13:05:00","slug":"seo-texto","status":"publish","type":"product","link":"https:\/\/www.etrust.website\/es\/producto\/seo-texto\/","title":{"rendered":"Texto SEO"},"content":{"rendered":"<p>Surfer es una de las mejores herramientas disponibles para la planificaci\u00f3n y estrategia de contenidos, ya que tiene una serie de caracter\u00edsticas que pueden ayudarle a encontrar ideas de palabras clave y convertirlas en contenido con alto potencial de clasificaci\u00f3n.<\/p>\n<p>Basado en una sola palabra clave, Surfer proporcionar\u00e1 toneladas de t\u00e9rminos de b\u00fasqueda relacionados, y los clasificar\u00e1 en grupos relevantes que pueden ayudarle a dirigirse a m\u00faltiples t\u00e9rminos de b\u00fasqueda dentro de una pieza de contenido. Tambi\u00e9n proporcionar\u00e1 informaci\u00f3n sobre la intenci\u00f3n y el volumen de las b\u00fasquedas.<\/p>\n<p>A continuaci\u00f3n, puede utilizar la herramienta de briefing basada en la IA para elaborar un briefing optimizado para el SEO para sus art\u00edculos en tan solo unos clics.<\/p>\n<p>Surfer tambi\u00e9n incluye una herramienta de edici\u00f3n de contenidos que puntuar\u00e1 los contenidos de los redactores a medida que los produzcan y har\u00e1 un seguimiento de los t\u00e9rminos de b\u00fasqueda relevantes que se han incluido y con qu\u00e9 frecuencia. Tambi\u00e9n puede utilizar la herramienta Surfer audit para editar y optimizar el contenido existente en su sitio.<\/p>\n<p>En general, Surfer es una de las mejores herramientas para agilizar la planificaci\u00f3n y optimizaci\u00f3n de contenidos. Tambi\u00e9n es una opci\u00f3n especialmente buena para los propietarios de sitios que subcontratan tareas de redacci\u00f3n, ya que puede utilizar Surfer para crear informes detallados para los escritores y mantener unos est\u00e1ndares de calidad constantes gracias al sistema de puntuaci\u00f3n de contenidos.<\/p>\n<p>Me gusta especialmente lo bien que funciona Surfer con otras plataformas y lo \u00fatil que es para los equipos. Por ejemplo, los editores de contenidos pueden generarse y compartirse con un n\u00famero ilimitado de miembros del equipo a trav\u00e9s de un enlace para compartir. Adem\u00e1s, la extensi\u00f3n de Chrome permite optimizar el contenido directamente en Google Docs y WordPress.<\/p>\n","protected":false},"excerpt":{"rendered":"<p>Su sitio web est\u00e1 en funcionamiento. Has puesto mucho esfuerzo en el dise\u00f1o. Por supuesto que quiere que mucha gente visite su sitio web. \u00bfCu\u00e1l es la mejor manera? La forma m\u00e1s f\u00e1cil ser\u00eda, por supuesto, a trav\u00e9s de Google. Pero cuando escribes tu sitio web en la barra de b\u00fasqueda, ves tu p\u00e1gina muy abajo. Es a\u00fan peor si s\u00f3lo aparece en la segunda p\u00e1gina. c\u00f3mo puede cambiar eso Con los textos SEO puede mejorar su clasificaci\u00f3n. Pero, \u00bfqu\u00e9 es el SEO? \u00bfQu\u00e9 tiene que ver esto con Google? \u00bfQu\u00e9 aspectos debe tener en cuenta? Lea las siguientes secciones y vea qu\u00e9 es exactamente el SEO y c\u00f3mo puede ayudar a que su sitio se clasifique mejor. Si no entiende algo, no dude en ponerse en contacto con nosotros.<\/p>\n","protected":false},"featured_media":407,"comment_status":"open","ping_status":"closed","template":"","meta":[],"product_cat":[70],"product_tag":[],"class_list":{"0":"post-659","1":"product","2":"type-product","3":"status-publish","4":"has-post-thumbnail","6":"product_cat-seo-es","8":"first","9":"instock","10":"sale","11":"shipping-taxable","12":"purchasable","13":"product-type-variable"},"_links":{"self":[{"href":"https:\/\/www.etrust.website\/es\/wp-json\/wp\/v2\/product\/659","targetHints":{"allow":["GET"]}}],"collection":[{"href":"https:\/\/www.etrust.website\/es\/wp-json\/wp\/v2\/product"}],"about":[{"href":"https:\/\/www.etrust.website\/es\/wp-json\/wp\/v2\/types\/product"}],"replies":[{"embeddable":true,"href":"https:\/\/www.etrust.website\/es\/wp-json\/wp\/v2\/comments?post=659"}],"wp:featuredmedia":[{"embeddable":true,"href":"https:\/\/www.etrust.website\/es\/wp-json\/wp\/v2\/media\/407"}],"wp:attachment":[{"href":"https:\/\/www.etrust.website\/es\/wp-json\/wp\/v2\/media?parent=659"}],"wp:term":[{"taxonomy":"product_cat","embeddable":true,"href":"https:\/\/www.etrust.website\/es\/wp-json\/wp\/v2\/product_cat?post=659"},{"taxonomy":"product_tag","embeddable":true,"href":"https:\/\/www.etrust.website\/es\/wp-json\/wp\/v2\/product_tag?post=659"}],"curies":[{"name":"wp","href":"https:\/\/api.w.org\/{rel}","templated":true}]}}