{"id":978,"date":"2022-07-08T06:28:37","date_gmt":"2022-07-08T06:28:37","guid":{"rendered":"https:\/\/www.baduno.com\/product\/alojamiento-de-servidores-dedicados\/"},"modified":"2022-07-08T06:31:33","modified_gmt":"2022-07-08T06:31:33","slug":"hosting-servidor-dedicado","status":"publish","type":"product","link":"https:\/\/www.etrust.website\/es\/producto\/hosting-servidor-dedicado\/","title":{"rendered":"Alojamiento de servidores dedicados"},"content":{"rendered":"<h2 class=\"ods-title font-weight-bold text-level--xl mb-5 text-left \">M\u00e1s informaci\u00f3n sobre los servidores dedicados Baduno<\/h2>\n<div class=\"limited-content-size\" data-seo-content=\"\">\n<h3>\u00bfQu\u00e9 es un servidor dedicado?<\/h3>\n<p>Un servidor dedicado, o servidor inform\u00e1tico, es una m\u00e1quina que asigna todos sus recursos de hardware al usuario. A diferencia de un servidor virtual, que asigna una parte de los recursos a la tecnolog\u00eda de virtualizaci\u00f3n, un servidor dedicado le ofrece toda su memoria RAM, almacenamiento y potencia de c\u00e1lculo. Esta tecnolog\u00eda puede aplicarse a la computaci\u00f3n en nube, mientras que los servidores dedicados se denominan \u00abbare-metal\u00bb. Este tipo de soluci\u00f3n hace hincapi\u00e9 en la disponibilidad f\u00edsica de los recursos de hardware del servidor, a diferencia de los servicios basados en instancias virtuales.<\/p>\n<h3>\u00bfQu\u00e9 servidor dedicado debo elegir?<\/h3>\n<p>Nuestras configuraciones de servidores dedicados est\u00e1n especialmente adaptadas a una amplia gama de usos profesionales. Dependiendo de tus necesidades, puedes optar por m\u00e1s RAM, m\u00e1s espacio de almacenamiento o un procesador m\u00e1s r\u00e1pido.<\/p>\n<p>Los servidores dedicados de Baduno tambi\u00e9n destacan por su capacidad de ancho de banda y servicios asociados. Tambi\u00e9n puede utilizar nuestra soluci\u00f3n anti-DDoS adaptada a los juegos, y nuestra red privada (vRack) puede utilizarse para conectar su servidor dedicado a su infraestructura, o incluso el hardware RAID. Elige la configuraci\u00f3n que mejor se adapte a tus necesidades.<\/p>\n<h3>\u00bfSoluciones en la nube, alojamiento compartido o un servidor dedicado?<\/h3>\n<p>Hay dos factores principales que diferencian un servidor dedicado de una instancia en la nube. En primer lugar, el rendimiento bruto de la m\u00e1quina es diferente: no hay una capa de virtualizaci\u00f3n que consuma recursos en un servidor dedicado, por lo que se garantiza el uso completo de los recursos f\u00edsicos. La segunda diferencia se refiere al nivel de administraci\u00f3n del servidor. Con un servidor dedicado, usted gestiona todo, desde su configuraci\u00f3n hasta los datos alojados en \u00e9l, y tambi\u00e9n es responsable de garantizar su seguridad. Esto significa que puede optar por una instalaci\u00f3n m\u00e1s avanzada, que es esencial para el uso de ciertas aplicaciones empresariales (por ejemplo). La principal ventaja de una soluci\u00f3n dedicada es la total libertad que se obtiene como administrador. Sin embargo, si quieres evitar la gesti\u00f3n t\u00e9cnica y concentrarte \u00fanicamente en tu proyecto web, las instancias de Baduno Public Cloud son la mejor soluci\u00f3n para ti. \u00bfS\u00f3lo necesita crear un sitio web sencillo? Eche un vistazo a nuestras soluciones de alojamiento compartido, que le ofrecen una plataforma de alojamiento a un coste inmejorable, con la configuraci\u00f3n totalmente gestionada por Baduno.<\/p>\n<\/div>\n","protected":false},"excerpt":{"rendered":"<div class=\"elementor-element elementor-element-2711060 elementor-widget elementor-widget-heading\" data-id=\"2711060\" data-element_type=\"widget\" data-widget_type=\"heading.default\">\n<div class=\"elementor-widget-container\">\n<h3 class=\"elementor-heading-title elementor-size-default\">Despliegue y expansi\u00f3n con Baduno<\/h3>\n<\/div>\n<\/div>\n<div class=\"elementor-element elementor-element-52a78b4e elementor-widget elementor-widget-text-editor\" data-id=\"52a78b4e\" data-element_type=\"widget\" data-widget_type=\"text-editor.default\">\n<div class=\"elementor-widget-container\">\n<div class=\"elementor-text-editor elementor-clearfix\">\n<p>Gestione con facilidad una amplia infraestructura mediante s\u00f3lidas herramientas, como servicios gestionados, despliegue instant\u00e1neo en todo el mundo, gesti\u00f3n de DNS, recargas instant\u00e1neas, supervisi\u00f3n del ancho de banda y mucho m\u00e1s, todo ello desde un panel de control ultrarr\u00e1pido y apto para dispositivos m\u00f3viles.<\/p>\n<\/div>\n<\/div>\n<\/div>\n","protected":false},"featured_media":961,"comment_status":"open","ping_status":"closed","template":"","meta":[],"product_cat":[70,86,87,88],"product_tag":[],"class_list":{"0":"post-978","1":"product","2":"type-product","3":"status-publish","4":"has-post-thumbnail","6":"product_cat-seo-es","7":"product_cat-web-es","8":"product_cat-servidor","9":"product_cat-hospedaje","11":"first","12":"instock","13":"sale","14":"sold-individually","15":"shipping-taxable","16":"purchasable","17":"product-type-variable","18":"has-default-attributes"},"_links":{"self":[{"href":"https:\/\/www.etrust.website\/es\/wp-json\/wp\/v2\/product\/978","targetHints":{"allow":["GET"]}}],"collection":[{"href":"https:\/\/www.etrust.website\/es\/wp-json\/wp\/v2\/product"}],"about":[{"href":"https:\/\/www.etrust.website\/es\/wp-json\/wp\/v2\/types\/product"}],"replies":[{"embeddable":true,"href":"https:\/\/www.etrust.website\/es\/wp-json\/wp\/v2\/comments?post=978"}],"wp:featuredmedia":[{"embeddable":true,"href":"https:\/\/www.etrust.website\/es\/wp-json\/wp\/v2\/media\/961"}],"wp:attachment":[{"href":"https:\/\/www.etrust.website\/es\/wp-json\/wp\/v2\/media?parent=978"}],"wp:term":[{"taxonomy":"product_cat","embeddable":true,"href":"https:\/\/www.etrust.website\/es\/wp-json\/wp\/v2\/product_cat?post=978"},{"taxonomy":"product_tag","embeddable":true,"href":"https:\/\/www.etrust.website\/es\/wp-json\/wp\/v2\/product_tag?post=978"}],"curies":[{"name":"wp","href":"https:\/\/api.w.org\/{rel}","templated":true}]}}