{"id":794,"date":"2022-06-26T18:53:37","date_gmt":"2022-06-26T18:53:37","guid":{"rendered":"https:\/\/www.baduno.com\/conditions-dutilisation\/"},"modified":"2022-07-06T08:48:54","modified_gmt":"2022-07-06T08:48:54","slug":"conditions-dutilisation","status":"publish","type":"page","link":"https:\/\/www.etrust.website\/fr\/conditions-dutilisation\/","title":{"rendered":"Conditions d&rsquo;utilisation"},"content":{"rendered":"<header class=\"entry-header ast-no-thumbnail ast-no-meta\">\n<h1 class=\"entry-title\">Modalit\u00e9s et conditions<\/h1>\n<\/header>\n<div class=\"entry-content clear\">\n<h3>Conditions g\u00e9n\u00e9rales et informations pour les clients<\/h3>\n<h5>Table des mati\u00e8res<\/h5>\n<p>&nbsp;<\/p>\n<ol>\n<li>Port\u00e9e<\/li>\n<li>Conclusion du contrat<\/li>\n<li>Droit de retrait<\/li>\n<li>Compensation<\/li>\n<li>Transfert du contenu<\/li>\n<li>Octroi de droits d&rsquo;utilisation<\/li>\n<li>Responsabilit\u00e9 pour les d\u00e9fauts<\/li>\n<li>Droit applicable<\/li>\n<li>R\u00e8glement extrajudiciaire des litiges<\/li>\n<\/ol>\n<h5>1) Champ d&rsquo;application<\/h5>\n<p><strong>1.1<\/strong>  Les pr\u00e9sentes conditions g\u00e9n\u00e9rales (ci-apr\u00e8s d\u00e9nomm\u00e9es \u00ab\u00a0CG\u00a0\u00bb) de Baduno (ci-apr\u00e8s d\u00e9nomm\u00e9 \u00ab\u00a0Conc\u00e9dant\u00a0\u00bb) s&rsquo;appliquent \u00e0 tous les contrats de livraison de donn\u00e9es non contenues sur un support physique, qui sont produites et fournies sous forme num\u00e9rique (contenus num\u00e9riques), qu&rsquo;un consommateur ou un entrepreneur (ci-apr\u00e8s d\u00e9nomm\u00e9 \u00ab\u00a0Licenci\u00e9\u00a0\u00bb) conclut avec le Conc\u00e9dant concernant les contenus num\u00e9riques affich\u00e9s par le Conc\u00e9dant dans sa boutique en ligne. Par la pr\u00e9sente, l&rsquo;inclusion des propres conditions du licenci\u00e9 est contredite, sauf accord contraire.<\/p>\n<p><strong>1.2<\/strong> L&rsquo;objet du contrat est le transfert des contenus num\u00e9riques offerts par le donneur de licence au preneur de licence sous forme \u00e9lectronique, moyennant l&rsquo;octroi de certains droits d&rsquo;utilisation qui sont r\u00e9glement\u00e9s plus pr\u00e9cis\u00e9ment dans les pr\u00e9sentes conditions g\u00e9n\u00e9rales.<\/p>\n<p><strong>1.3<\/strong> Le consommateur au sens des pr\u00e9sentes CGV est toute personne physique qui conclut un acte juridique \u00e0 des fins qui ne peuvent \u00eatre attribu\u00e9es de mani\u00e8re pr\u00e9pond\u00e9rante ni \u00e0 son activit\u00e9 professionnelle commerciale ni \u00e0 son activit\u00e9 professionnelle ind\u00e9pendante. Un entrepreneur au sens des pr\u00e9sentes conditions g\u00e9n\u00e9rales est une personne physique ou morale ou une soci\u00e9t\u00e9 de personnes ayant la capacit\u00e9 juridique qui, lors de la conclusion d&rsquo;un acte juridique, agit dans l&rsquo;exercice de son activit\u00e9 professionnelle commerciale ou ind\u00e9pendante.<\/p>\n<h5>2) Conclusion du contrat<\/h5>\n<p><strong>2.1<\/strong> Les contenus publi\u00e9s dans la boutique en ligne du conc\u00e9dant ne constituent pas des offres fermes de la part du conc\u00e9dant, mais servent \u00e0 la pr\u00e9sentation d&rsquo;une offre ferme par le licenci\u00e9.<\/p>\n<p><strong>2.2<\/strong> Le preneur de licence peut soumettre l&rsquo;offre via le formulaire de commande en ligne int\u00e9gr\u00e9 \u00e0 la boutique en ligne du donneur de licence. Ce faisant, le Licenci\u00e9, apr\u00e8s avoir plac\u00e9 le contenu s\u00e9lectionn\u00e9 dans le panier virtuel et avoir suivi le processus de commande \u00e9lectronique, soumet une offre juridiquement contraignante de conclure un contrat concernant le contenu du panier en cliquant sur le bouton concluant le processus de commande.<\/p>\n<p><strong>2.3<\/strong> Le Conc\u00e9dant peut accepter l&rsquo;offre du Licenci\u00e9 dans un d\u00e9lai de cinq jours,<\/p>\n<ul>\n<li>par l&rsquo;envoi au preneur de licence d&rsquo;une confirmation de commande \u00e9crite ou sous forme de texte (t\u00e9l\u00e9copie ou courrier \u00e9lectronique), la r\u00e9ception de la confirmation de commande par le preneur de licence \u00e9tant d\u00e9terminante, ou bien<\/li>\n<li>en fournissant au licenci\u00e9 les contenus command\u00e9s, l&rsquo;acc\u00e8s au licenci\u00e9 \u00e9tant d\u00e9terminant, ou bien<\/li>\n<li>en demandant au licenci\u00e9 de payer apr\u00e8s que la commande ait \u00e9t\u00e9 pass\u00e9e.<\/li>\n<\/ul>\n<p>S&rsquo;il y a plusieurs alternatives, le contrat est conclu au moment o\u00f9 l&rsquo;une des alternatives se produit en premier. Si le donneur de licence n&rsquo;accepte pas l&rsquo;offre du preneur de licence dans ce d\u00e9lai, cela est consid\u00e9r\u00e9 comme un rejet de l&rsquo;offre avec pour cons\u00e9quence que le preneur de licence n&rsquo;est plus li\u00e9 par sa d\u00e9claration d&rsquo;intention.<\/p>\n<p><strong>2.4<\/strong> Le d\u00e9lai d&rsquo;acceptation de l&rsquo;offre commence le jour suivant l&rsquo;envoi de l&rsquo;offre par le preneur de licence et se termine \u00e0 l&rsquo;expiration du cinqui\u00e8me jour suivant l&rsquo;envoi de l&rsquo;offre.<\/p>\n<p><strong>2.5<\/strong>  Lors de la soumission d&rsquo;une offre par le biais du formulaire de commande en ligne du Conc\u00e9dant, le texte du contrat sera sauvegard\u00e9 par le Conc\u00e9dant apr\u00e8s la conclusion du contrat et envoy\u00e9 au Licenci\u00e9 sous forme de texte (par ex. e-mail, fax ou lettre) apr\u00e8s que le Licenci\u00e9 ait envoy\u00e9 sa commande. Le conc\u00e9dant ne rendra pas le texte du contrat accessible au-del\u00e0. Si le preneur de licence a cr\u00e9\u00e9 un compte utilisateur dans la boutique en ligne du donneur de licence avant d&rsquo;envoyer sa commande, les donn\u00e9es de la commande seront archiv\u00e9es sur le site Internet du donneur de licence et le preneur de licence pourra y acc\u00e9der gratuitement via son compte utilisateur prot\u00e9g\u00e9 par un mot de passe en saisissant les donn\u00e9es de connexion correspondantes.<\/p>\n<p><strong>2.6<\/strong> Avant l&rsquo;envoi d\u00e9finitif de la commande via le formulaire de commande en ligne, le preneur de licence peut corriger en permanence ses entr\u00e9es en utilisant les fonctions habituelles du clavier et de la souris. En outre, toutes les entr\u00e9es sont affich\u00e9es une nouvelle fois dans une fen\u00eatre de confirmation avant la soumission ferme de l&rsquo;ordre et peuvent \u00e9galement y \u00eatre corrig\u00e9es \u00e0 l&rsquo;aide des fonctions habituelles du clavier et de la souris.<\/p>\n<p><strong>2.7<\/strong> Seule la langue allemande est disponible pour la conclusion du contrat.<\/p>\n<p><strong>2.8<\/strong> Le traitement des commandes et la prise de contact s&rsquo;effectuent g\u00e9n\u00e9ralement par e-mail et par traitement automatis\u00e9 des commandes. Le client doit s&rsquo;assurer que l&rsquo;adresse e-mail qu&rsquo;il a fournie pour le traitement de la commande est correcte afin que les e-mails envoy\u00e9s par le conc\u00e9dant puissent \u00eatre re\u00e7us \u00e0 cette adresse. En cas d&rsquo;utilisation de filtres anti-spam, le client doit s&rsquo;assurer que tous les courriels envoy\u00e9s par le conc\u00e9dant ou par des tiers mandat\u00e9s par le conc\u00e9dant pour traiter la commande peuvent \u00eatre d\u00e9livr\u00e9s.<\/p>\n<h5>3) Droit de retrait<\/h5>\n<p>Les consommateurs b\u00e9n\u00e9ficient g\u00e9n\u00e9ralement d&rsquo;un droit de r\u00e9tractation. Des informations plus d\u00e9taill\u00e9es sur le droit de r\u00e9vocation peuvent \u00eatre trouv\u00e9es dans l&rsquo;instruction de r\u00e9vocation du conc\u00e9dant de licence.<\/p>\n<h5>4) R\u00e9mun\u00e9ration<\/h5>\n<p><strong>4.1<\/strong> Pour l&rsquo;octroi des droits sur les contenus respectifs, le conc\u00e9dant re\u00e7oit une redevance de licence forfaitaire dont le montant est pr\u00e9cis\u00e9 dans la description de l&rsquo;objet concern\u00e9.<\/p>\n<p><strong>4.2<\/strong> Les prix indiqu\u00e9s par le conc\u00e9dant sont des prix totaux et comprennent la taxe sur la valeur ajout\u00e9e l\u00e9gale.<\/p>\n<p><strong>4.3<\/strong> En cas de paiement dans des pays situ\u00e9s en dehors de l&rsquo;Union europ\u00e9enne, des frais suppl\u00e9mentaires peuvent survenir dans des cas particuliers, pour lesquels le conc\u00e9dant n&rsquo;est pas responsable et qui sont \u00e0 la charge du licenci\u00e9. Il s&rsquo;agit, par exemple, des co\u00fbts de transfert de fonds par l&rsquo;interm\u00e9diaire des \u00e9tablissements de cr\u00e9dit (par exemple, les frais de transfert, les frais de change).<\/p>\n<p><strong>4.4<\/strong> Le preneur de licence dispose de plusieurs modes de paiement, qui sont pr\u00e9cis\u00e9s dans la boutique en ligne du conc\u00e9dant.<\/p>\n<p><strong>4.5<\/strong> Si un paiement anticip\u00e9 par virement bancaire a \u00e9t\u00e9 convenu, le paiement est d\u00fb imm\u00e9diatement apr\u00e8s la conclusion du contrat, sauf si les parties ont convenu d&rsquo;une date d&rsquo;\u00e9ch\u00e9ance ult\u00e9rieure.<\/p>\n<p><strong>4.6<\/strong> Si le mode de paiement \u00ab\u00a0PayPal\u00a0\u00bb est s\u00e9lectionn\u00e9, le paiement sera trait\u00e9 par le prestataire de services de paiement PayPal (Europe) S.\u00e0 r.l. et Cie, S.C.A., 22-24 Boulevard Royal, L-2449 Luxembourg, conform\u00e9ment aux conditions d&rsquo;utilisation de PayPal, disponibles sur https:\/\/www.paypal.com\/de\/webapps\/mpp\/ua\/useragreement-full.<\/p>\n<h5>5) Transfert du contenu<\/h5>\n<p>Le contenu est fourni exclusivement sous forme \u00e9lectronique par e-mail ou par t\u00e9l\u00e9chargement \u00e0 partir du site web du conc\u00e9dant.<\/p>\n<h5>6) Octroi de droits d&rsquo;utilisation<\/h5>\n<p><strong>6.1<\/strong> Sauf mention contraire dans la description de la boutique en ligne du Conc\u00e9dant, le Conc\u00e9dant accorde au Licenci\u00e9 le droit non exclusif d&rsquo;utiliser les contenus fournis \u00e0 des fins priv\u00e9es et professionnelles, sans limite de temps ni de lieu.<\/p>\n<p><strong>6.2<\/strong> Le transfert des contenus \u00e0 des tiers ou la cr\u00e9ation de copies pour des tiers en dehors du champ d&rsquo;application des pr\u00e9sentes CG ne sont pas autoris\u00e9s, sauf si le donneur de licence a accept\u00e9 un transfert de la licence contractuelle au tiers.<\/p>\n<p><strong>6.3<\/strong> L&rsquo;octroi des droits ne devient effectif que lorsque le preneur de licence a pay\u00e9 int\u00e9gralement la r\u00e9mun\u00e9ration contractuellement due. Le conc\u00e9dant peut \u00e9galement autoriser provisoirement l&rsquo;utilisation du contenu du contrat avant ce d\u00e9lai. Cette autorisation provisoire ne constitue pas un transfert de droits.<\/p>\n<h5>7) Responsabilit\u00e9 pour les d\u00e9fauts<\/h5>\n<p>La responsabilit\u00e9 l\u00e9gale pour les d\u00e9fauts s&rsquo;applique.<\/p>\n<h5>8) Droit applicable<\/h5>\n<p>Si le preneur de licence agit en tant que commer\u00e7ant, personne morale de droit public ou fonds sp\u00e9cial de droit public ayant son si\u00e8ge social sur le territoire de la R\u00e9publique f\u00e9d\u00e9rale d&rsquo;Allemagne, le lieu de juridiction exclusif pour tous les litiges d\u00e9coulant du pr\u00e9sent contrat est le si\u00e8ge social du donneur de licence. Si le preneur de licence a son si\u00e8ge social en dehors du territoire de la R\u00e9publique f\u00e9d\u00e9rale d&rsquo;Allemagne, le lieu d&rsquo;\u00e9tablissement du donneur de licence sera le lieu de juridiction exclusif pour tous les litiges d\u00e9coulant du pr\u00e9sent contrat si le contrat ou les r\u00e9clamations d\u00e9coulant du contrat peuvent \u00eatre attribu\u00e9s aux activit\u00e9s professionnelles ou commerciales du preneur de licence. Dans les cas susmentionn\u00e9s, le conc\u00e9dant est toutefois en droit d&rsquo;intenter une action en justice aupr\u00e8s du tribunal du lieu d&rsquo;\u00e9tablissement du licenci\u00e9.<\/p>\n<h5>9) R\u00e8glement extrajudiciaire des litiges<\/h5>\n<p><strong>9.1<\/strong> La Commission europ\u00e9enne met \u00e0 disposition une plateforme de r\u00e9solution des litiges en ligne sur Internet, sous le lien suivant : https:\/\/ec.europa.eu\/consumers\/odr.<\/p>\n<p>Cette plateforme sert de point de contact pour le r\u00e8glement extrajudiciaire des litiges d\u00e9coulant de contrats d&rsquo;achat ou de services en ligne dans lesquels un consommateur est impliqu\u00e9.<\/p>\n<p><strong>9.2<\/strong> Le Conc\u00e9dant n&rsquo;est ni oblig\u00e9 ni dispos\u00e9 \u00e0 participer \u00e0 une proc\u00e9dure de r\u00e8glement des litiges devant un organisme de r\u00e8glement des litiges de consommation.<\/p>\n<\/div>\n","protected":false},"excerpt":{"rendered":"<p>Modalit\u00e9s et conditions Conditions g\u00e9n\u00e9rales et informations pour les clients Table des mati\u00e8res &nbsp; Port\u00e9e Conclusion du contrat Droit de [&hellip;]<\/p>\n","protected":false},"author":1,"featured_media":0,"parent":0,"menu_order":0,"comment_status":"closed","ping_status":"closed","template":"","meta":{"footnotes":""},"class_list":["post-794","page","type-page","status-publish","hentry"],"_links":{"self":[{"href":"https:\/\/www.etrust.website\/fr\/wp-json\/wp\/v2\/pages\/794","targetHints":{"allow":["GET"]}}],"collection":[{"href":"https:\/\/www.etrust.website\/fr\/wp-json\/wp\/v2\/pages"}],"about":[{"href":"https:\/\/www.etrust.website\/fr\/wp-json\/wp\/v2\/types\/page"}],"author":[{"embeddable":true,"href":"https:\/\/www.etrust.website\/fr\/wp-json\/wp\/v2\/users\/1"}],"replies":[{"embeddable":true,"href":"https:\/\/www.etrust.website\/fr\/wp-json\/wp\/v2\/comments?post=794"}],"version-history":[{"count":1,"href":"https:\/\/www.etrust.website\/fr\/wp-json\/wp\/v2\/pages\/794\/revisions"}],"predecessor-version":[{"id":815,"href":"https:\/\/www.etrust.website\/fr\/wp-json\/wp\/v2\/pages\/794\/revisions\/815"}],"wp:attachment":[{"href":"https:\/\/www.etrust.website\/fr\/wp-json\/wp\/v2\/media?parent=794"}],"curies":[{"name":"wp","href":"https:\/\/api.w.org\/{rel}","templated":true}]}}