{"id":598,"date":"2022-06-26T13:43:18","date_gmt":"2022-06-26T13:43:18","guid":{"rendered":"https:\/\/www.baduno.com\/product\/marketing-moderne-sur-instagram\/"},"modified":"2022-06-26T13:43:18","modified_gmt":"2022-06-26T13:43:18","slug":"modern-instagram-marketing-2","status":"publish","type":"product","link":"https:\/\/www.etrust.website\/fr\/produit\/modern-instagram-marketing-2\/","title":{"rendered":"Marketing moderne sur Instagram"},"content":{"rendered":"<div class=\"field field-name-body field-type-text-with-summary field-label-hidden\">\n<div class=\"field-items\">\n<div class=\"field-item even\">\n<p>\u00c7a a l&rsquo;air g\u00e9nial jusqu&rsquo;ici, non ? Eh bien, voil\u00e0 le probl\u00e8me. La plupart des gens qui essaient Instagram \u00e9chouent compl\u00e8tement. Dans cet eBook, vous apprendrez ce qu&rsquo;il faut faire :<\/p>\n<p>Vous allez comprendre le marketing d&rsquo;Instagram.<br \/>\nVous apprendrez \u00e0 identifier les d\u00e9rapages les plus courants sur Instagram.<br \/>\nVous comprendrez ce qu&rsquo;est le marketing d&rsquo;influence.<br \/>\nVous pouvez commencer \u00e0 comprendre que si vous faites de la promotion sur Instagram, vous allez vous engager dans une grande affaire.<br \/>\nVous allez apprendre exactement comment construire votre propre cr\u00e9dibilit\u00e9 dans votre cr\u00e9neau.<\/p>\n<\/div>\n<\/div>\n<\/div>\n","protected":false},"excerpt":{"rendered":"<p>Instagram pr\u00e9sente une opportunit\u00e9 de trafic massive pour les marketeurs. Si vous vendez une quelconque marchandise, Instagram doit faire partie de votre strat\u00e9gie marketing. Il n&rsquo;y a pas deux fa\u00e7ons de le faire. Vous laissez beaucoup d&rsquo;argent sur la table si vous ignorez Instagram.<\/p>\n","protected":false},"featured_media":127,"comment_status":"open","ping_status":"closed","template":"","meta":[],"product_cat":[58],"product_tag":[],"class_list":{"0":"post-598","1":"product","2":"type-product","3":"status-publish","4":"has-post-thumbnail","6":"product_cat-marketing-des-medias-sociaux","8":"first","9":"instock","10":"sale","11":"downloadable","12":"shipping-taxable","13":"purchasable","14":"product-type-simple"},"_links":{"self":[{"href":"https:\/\/www.etrust.website\/fr\/wp-json\/wp\/v2\/product\/598","targetHints":{"allow":["GET"]}}],"collection":[{"href":"https:\/\/www.etrust.website\/fr\/wp-json\/wp\/v2\/product"}],"about":[{"href":"https:\/\/www.etrust.website\/fr\/wp-json\/wp\/v2\/types\/product"}],"replies":[{"embeddable":true,"href":"https:\/\/www.etrust.website\/fr\/wp-json\/wp\/v2\/comments?post=598"}],"wp:featuredmedia":[{"embeddable":true,"href":"https:\/\/www.etrust.website\/fr\/wp-json\/wp\/v2\/media\/127"}],"wp:attachment":[{"href":"https:\/\/www.etrust.website\/fr\/wp-json\/wp\/v2\/media?parent=598"}],"wp:term":[{"taxonomy":"product_cat","embeddable":true,"href":"https:\/\/www.etrust.website\/fr\/wp-json\/wp\/v2\/product_cat?post=598"},{"taxonomy":"product_tag","embeddable":true,"href":"https:\/\/www.etrust.website\/fr\/wp-json\/wp\/v2\/product_tag?post=598"}],"curies":[{"name":"wp","href":"https:\/\/api.w.org\/{rel}","templated":true}]}}