{"id":609,"date":"2022-06-26T14:36:57","date_gmt":"2022-06-26T14:36:57","guid":{"rendered":"https:\/\/www.baduno.com\/product\/lavantage-du-marketing-social\/"},"modified":"2022-06-26T14:36:57","modified_gmt":"2022-06-26T14:36:57","slug":"social-marketing-avantage","status":"publish","type":"product","link":"https:\/\/www.etrust.website\/fr\/produit\/social-marketing-avantage\/","title":{"rendered":"L&rsquo;avantage du marketing social"},"content":{"rendered":"<p><strong>D&rsquo;autres entreprises s&rsquo;\u00e9clatent sur les m\u00e9dias sociaux<\/strong><\/p>\n<p>Ces plateformes sociales bien connues ont une port\u00e9e gigantesque ! Facebook compte \u00e0 lui seul plus de 2 milliards d&rsquo;utilisateurs actifs et une pl\u00e9thore d&rsquo;outils conviviaux con\u00e7us pour encourager les choses \u00e0 devenir virales. Il y a aussi le fait que les m\u00e9dias sociaux vous permettent d&rsquo;entrer en contact avec votre public et de communiquer directement avec lui. En \u00e9tablissant une relation avec vos adeptes, vous pouvez faire en sorte que vos produits et votre contenu trouvent un v\u00e9ritable \u00e9cho aupr\u00e8s d&rsquo;eux en leur donnant ce qu&rsquo;ils veulent. Vous pouvez gagner de v\u00e9ritables fans qui partageront tout ce que vous cr\u00e9ez et ach\u00e8teront presque tout le contenu que vous diffusez.<\/p>\n<p><strong>C&rsquo;est l&rsquo;avantage du marketing social<\/strong><\/p>\n<p>Si cela vous semble \u00eatre exactement le coup de fouet dont votre entreprise a besoin pour entrer de plain-pied dans le XXIe si\u00e8cle, plongez dans l&rsquo;aventure ! Donc, si vous \u00eates actuellement en train de mener une campagne sociale, vous avez besoin de ce produit. Vous passerez ainsi du stade de d\u00e9butant h\u00e9sitant \u00e0 celui d&rsquo;expert, et vous disposerez d&rsquo;un aper\u00e7u puissant et de strat\u00e9gies avanc\u00e9es qui vous aideront \u00e0 d\u00e9passer la concurrence.<\/p>\n","protected":false},"excerpt":{"rendered":"<p><strong>\u00ab\u00a0D\u00e9couvrez le plan \u00e9tape par \u00e9tape pour dominer le marketing des m\u00e9dias sociaux et faire des profits&#8230; d\u00e8s aujourd&rsquo;hui !\u00a0\u00bb<\/strong><\/p>\n<p>Ce cours complet de A \u00e0 Z, en 8 parties, sur le marketing des m\u00e9dias sociaux vous guidera de z\u00e9ro \u00e0 de tout nouveaux clients ! \u00cates-vous pr\u00eat \u00e0 prendre le dessus sur vos efforts de marketing dans les m\u00e9dias sociaux ? Tant de petites entreprises, d&rsquo;entrepreneurs et d&rsquo;autres ont des marques qu&rsquo;ils veulent promouvoir, mais n&rsquo;ont gu\u00e8re d&rsquo;id\u00e9e sur la fa\u00e7on de le faire efficacement sur Facebook, Twitter et Instagram&#8230; Sans parler de LinkedIn, Google Plus ou Pinterest !<\/p>\n","protected":false},"featured_media":202,"comment_status":"open","ping_status":"closed","template":"","meta":[],"product_cat":[58],"product_tag":[],"class_list":{"0":"post-609","1":"product","2":"type-product","3":"status-publish","4":"has-post-thumbnail","6":"product_cat-marketing-des-medias-sociaux","8":"first","9":"instock","10":"sale","11":"downloadable","12":"shipping-taxable","13":"purchasable","14":"product-type-simple"},"_links":{"self":[{"href":"https:\/\/www.etrust.website\/fr\/wp-json\/wp\/v2\/product\/609","targetHints":{"allow":["GET"]}}],"collection":[{"href":"https:\/\/www.etrust.website\/fr\/wp-json\/wp\/v2\/product"}],"about":[{"href":"https:\/\/www.etrust.website\/fr\/wp-json\/wp\/v2\/types\/product"}],"replies":[{"embeddable":true,"href":"https:\/\/www.etrust.website\/fr\/wp-json\/wp\/v2\/comments?post=609"}],"wp:featuredmedia":[{"embeddable":true,"href":"https:\/\/www.etrust.website\/fr\/wp-json\/wp\/v2\/media\/202"}],"wp:attachment":[{"href":"https:\/\/www.etrust.website\/fr\/wp-json\/wp\/v2\/media?parent=609"}],"wp:term":[{"taxonomy":"product_cat","embeddable":true,"href":"https:\/\/www.etrust.website\/fr\/wp-json\/wp\/v2\/product_cat?post=609"},{"taxonomy":"product_tag","embeddable":true,"href":"https:\/\/www.etrust.website\/fr\/wp-json\/wp\/v2\/product_tag?post=609"}],"curies":[{"name":"wp","href":"https:\/\/api.w.org\/{rel}","templated":true}]}}