{"id":614,"date":"2022-06-26T14:57:58","date_gmt":"2022-06-26T14:57:58","guid":{"rendered":"https:\/\/www.baduno.com\/product\/maitriser-et-commercialiser-la-video-en-ligne-en-toute-simplicite\/"},"modified":"2022-06-26T14:57:58","modified_gmt":"2022-06-26T14:57:58","slug":"maitriser-et-commercialiser-la-video-en-ligne-en-toute-simplicite","status":"publish","type":"product","link":"https:\/\/www.etrust.website\/fr\/produit\/maitriser-et-commercialiser-la-video-en-ligne-en-toute-simplicite\/","title":{"rendered":"Ma\u00eetriser et commercialiser la vid\u00e9o en ligne en toute simplicit\u00e9"},"content":{"rendered":"<p>Faire du marketing de mani\u00e8re efficiente, efficace et comp\u00e9titive vous semble presque impossible ? Avez-vous pass\u00e9 des mois de dur labeur et plusieurs milliers de dollars \u00e0 essayer de d\u00e9mystifier le puzzle du r\u00e9f\u00e9rencement ? Les experts en r\u00e9f\u00e9rencement \u00ab\u00a0autoproclam\u00e9s\u00a0\u00bb se r\u00e9v\u00e8lent-ils inutiles pour vous ? Ressentez-vous la chaleur de la crise \u00e9conomique ? Ne vous sentez pas d\u00e9sabus\u00e9 ! Il existe encore un moyen d&rsquo;obtenir un retour sur investissement \u00e9lev\u00e9 ! Utilisez le marketing vid\u00e9o au lieu des techniques traditionnelles pour vous voir grimper dans l&rsquo;\u00e9chelle sociale !<\/p>\n<p>Tirez parti de la puissance du marketing vid\u00e9o pour devenir une sensation en ligne ! Entrez en contact avec vos clients potentiels et devenez une marque \u00e0 part enti\u00e8re !<\/p>\n","protected":false},"excerpt":{"rendered":"<p>L&rsquo;\u00e9volution des technologies a entra\u00een\u00e9 des changements de paradigme dans la mani\u00e8re dont les entreprises menaient leurs activit\u00e9s. L&rsquo;\u00e9poque o\u00f9 la presse \u00e9crite, la radio et la t\u00e9l\u00e9vision \u00e9taient consid\u00e9r\u00e9es comme les seuls moyens d&rsquo;atteindre les masses est r\u00e9volue. L&rsquo;\u00e9volution de l&rsquo;internet a provoqu\u00e9 une r\u00e9volution, notamment dans les domaines de la publicit\u00e9 et du marketing. L&rsquo;internet est devenu le mode de communication le plus efficace et aujourd&rsquo;hui, des millions d&rsquo;entreprises dans le monde s&rsquo;engagent d&rsquo;une mani\u00e8re ou d&rsquo;une autre dans des activit\u00e9s commerciales en ligne. M\u00eame les entreprises qui ne sont pas pr\u00e9sentes en ligne s&rsquo;appuient largement sur la publicit\u00e9 et les campagnes de marketing en ligne pour atteindre des millions de consommateurs potentiels, faire conna\u00eetre leur marque et promouvoir leurs produits et services.<\/p>\n","protected":false},"featured_media":212,"comment_status":"open","ping_status":"closed","template":"","meta":[],"product_cat":[61],"product_tag":[],"class_list":{"0":"post-614","1":"product","2":"type-product","3":"status-publish","4":"has-post-thumbnail","6":"product_cat-marketing-social-en-ligne","8":"first","9":"instock","10":"sale","11":"downloadable","12":"shipping-taxable","13":"purchasable","14":"product-type-simple"},"_links":{"self":[{"href":"https:\/\/www.etrust.website\/fr\/wp-json\/wp\/v2\/product\/614","targetHints":{"allow":["GET"]}}],"collection":[{"href":"https:\/\/www.etrust.website\/fr\/wp-json\/wp\/v2\/product"}],"about":[{"href":"https:\/\/www.etrust.website\/fr\/wp-json\/wp\/v2\/types\/product"}],"replies":[{"embeddable":true,"href":"https:\/\/www.etrust.website\/fr\/wp-json\/wp\/v2\/comments?post=614"}],"wp:featuredmedia":[{"embeddable":true,"href":"https:\/\/www.etrust.website\/fr\/wp-json\/wp\/v2\/media\/212"}],"wp:attachment":[{"href":"https:\/\/www.etrust.website\/fr\/wp-json\/wp\/v2\/media?parent=614"}],"wp:term":[{"taxonomy":"product_cat","embeddable":true,"href":"https:\/\/www.etrust.website\/fr\/wp-json\/wp\/v2\/product_cat?post=614"},{"taxonomy":"product_tag","embeddable":true,"href":"https:\/\/www.etrust.website\/fr\/wp-json\/wp\/v2\/product_tag?post=614"}],"curies":[{"name":"wp","href":"https:\/\/api.w.org\/{rel}","templated":true}]}}