{"id":628,"date":"2022-06-26T17:25:19","date_gmt":"2022-06-26T17:25:19","guid":{"rendered":"https:\/\/www.baduno.com\/product\/les-publicites-facebook-maitrisees\/"},"modified":"2022-06-26T17:25:19","modified_gmt":"2022-06-26T17:25:19","slug":"facebook-ads-mastered-2","status":"publish","type":"product","link":"https:\/\/www.etrust.website\/fr\/produit\/facebook-ads-mastered-2\/","title":{"rendered":"Les publicit\u00e9s Facebook ma\u00eetris\u00e9es"},"content":{"rendered":"<p>Les publicit\u00e9s Facebook deviennent de plus en plus populaires en tant que forme de publicit\u00e9, car elles sont tr\u00e8s efficaces. Toutefois, si vous ne faites pas attention, vous pouvez avoir une v\u00e9ritable surprise lorsque vous d\u00e9couvrez que votre facture pour quelques jours seulement se chiffre en centaines de dollars. C&rsquo;est pourquoi il est si important de cr\u00e9er un seuil de taux de clics. En outre, certaines annonces seront plus performantes que d&rsquo;autres. La derni\u00e8re chose que vous souhaitez est de gaspiller votre argent sur des publicit\u00e9s qui ne sont pas performantes. C&rsquo;est une autre bonne raison de mettre en place un seuil de taux de clics pour toutes les campagnes publicitaires Facebook. Prenons un exemple. Disons que nous cr\u00e9ons une campagne destin\u00e9e \u00e0 attirer plus de personnes sur notre page pour augmenter le nombre de nos fans \u00e0 moins de 0,30 $ par fan. Cependant, notre annonce a g\u00e9n\u00e9r\u00e9 3 fans \u00e0 l&rsquo;ench\u00e8re minimale et 21 fans \u00e0 l&rsquo;ench\u00e8re maximale. En supposant que tous nos clics soient convertis en \u00ab\u00a0likes\u00a0\u00bb. Cela signifie que notre co\u00fbt par ventilateur se situait entre 0,65 et 5,60 dollars et que la majorit\u00e9 d&rsquo;entre eux se situaient dans la fourchette la plus \u00e9lev\u00e9e. Le r\u00e9sultat final &#8211; nous supprimions la publicit\u00e9 parce qu&rsquo;elle n&rsquo;\u00e9tait pas performante. L&rsquo;argent d\u00e9pens\u00e9 pour la publicit\u00e9 aurait pu \u00eatre bien moindre si nous avions cr\u00e9\u00e9 un seuil de publicit\u00e9 Facebook. Il est important que vous d\u00e9terminiez le taux de clics qui vous convient et que vous supprimiez imm\u00e9diatement les annonces qui ne r\u00e9pondent pas aux normes que vous avez fix\u00e9es. Cela vous \u00e9vitera d&rsquo;avoir de grosses surprises ou des factures que vous ne pouvez pas payer. N&rsquo;oubliez pas que lorsque vous configurez vos campagnes publicitaires sur Facebook, vous fournissez les informations relatives \u00e0 votre carte de cr\u00e9dit et autorisez le d\u00e9bit de cette derni\u00e8re. Les campagnes publicitaires Facebook sont un excellent moyen d&rsquo;attirer de nouveaux visiteurs sur votre page Facebook ou sur votre site web, ou encore d&rsquo;organiser une promotion, pour ne citer que quelques exemples. Toutefois, avant de vous lancer \u00e0 pieds joints, nous vous encourageons \u00e0 prendre le temps d&rsquo;apprendre et de comprendre le fonctionnement des publicit\u00e9s Facebook afin que votre exp\u00e9rience soit positive et que vous r\u00e9coltiez r\u00e9ellement les b\u00e9n\u00e9fices d&rsquo;une campagne publicitaire Facebook. Car si vous ne comprenez pas comment tout cela s&rsquo;articule, vous risquez de devoir payer des frais tr\u00e8s \u00e9lev\u00e9s qui ne seront pas \u00e0 votre avantage.<\/p>\n","protected":false},"excerpt":{"rendered":"<p>Pour qu&rsquo;une campagne publicitaire Facebook soit efficace, il ne suffit pas de diffuser votre annonce sur Facebook. Bien s\u00fbr, il se peut qu&rsquo;\u00e0 l&rsquo;occasion, vous ayez de la chance et que ce type de campagne publicitaire Facebook soit un succ\u00e8s, mais vous pouvez vous assurer d&rsquo;un succ\u00e8s r\u00e9gulier en cr\u00e9ant des publicit\u00e9s efficaces \u00e0 l&rsquo;aide de ces 5 conseils.<\/p>\n","protected":false},"featured_media":282,"comment_status":"open","ping_status":"closed","template":"","meta":[],"product_cat":[61],"product_tag":[],"class_list":{"0":"post-628","1":"product","2":"type-product","3":"status-publish","4":"has-post-thumbnail","6":"product_cat-marketing-social-en-ligne","8":"first","9":"instock","10":"sale","11":"downloadable","12":"shipping-taxable","13":"purchasable","14":"product-type-simple"},"_links":{"self":[{"href":"https:\/\/www.etrust.website\/fr\/wp-json\/wp\/v2\/product\/628","targetHints":{"allow":["GET"]}}],"collection":[{"href":"https:\/\/www.etrust.website\/fr\/wp-json\/wp\/v2\/product"}],"about":[{"href":"https:\/\/www.etrust.website\/fr\/wp-json\/wp\/v2\/types\/product"}],"replies":[{"embeddable":true,"href":"https:\/\/www.etrust.website\/fr\/wp-json\/wp\/v2\/comments?post=628"}],"wp:featuredmedia":[{"embeddable":true,"href":"https:\/\/www.etrust.website\/fr\/wp-json\/wp\/v2\/media\/282"}],"wp:attachment":[{"href":"https:\/\/www.etrust.website\/fr\/wp-json\/wp\/v2\/media?parent=628"}],"wp:term":[{"taxonomy":"product_cat","embeddable":true,"href":"https:\/\/www.etrust.website\/fr\/wp-json\/wp\/v2\/product_cat?post=628"},{"taxonomy":"product_tag","embeddable":true,"href":"https:\/\/www.etrust.website\/fr\/wp-json\/wp\/v2\/product_tag?post=628"}],"curies":[{"name":"wp","href":"https:\/\/api.w.org\/{rel}","templated":true}]}}