{"id":763,"date":"2022-06-26T18:59:01","date_gmt":"2022-06-26T18:59:01","guid":{"rendered":"https:\/\/www.baduno.com\/politica-di-rimborso-e-restituzione\/"},"modified":"2022-07-06T08:48:50","modified_gmt":"2022-07-06T08:48:50","slug":"politica-di-rimborso-e-restituzione","status":"publish","type":"page","link":"https:\/\/www.etrust.website\/it\/politica-di-rimborso-e-restituzione\/","title":{"rendered":"Politica di rimborso e restituzione"},"content":{"rendered":"<header class=\"entry-header ast-no-thumbnail ast-no-meta\">&#13;\n<h1 class=\"entry-title\">Refund Policy<\/h1>&#13;\n<\/header>&#13;\n<div class=\"entry-content clear\">&#13;\n<div class=\"text-lg max-w-prose mx-auto mb-6\">&#13;\n<p class=\"text-xl text-gray-500 leading-8\">Baduno si dedica al successo dei suoi stimati clienti. Lavoriamo instancabilmente per realizzare campagne di crescita manuale e garantire i massimi livelli di crescita possibili.<\/p>&#13;\n<\/div>&#13;\n<div class=\"prose prose-lg text-gray-500 mx-auto\">&#13;\n<p class=\"text-xl text-gray-500 leading-8\">Sebbene dedichiamo la stessa quantit\u00e0 di tempo a tutte le campagne di ogni categoria di piano, la crescita pu\u00f2 variare notevolmente a seconda della nicchia del cliente, della qualit\u00e0 e della quantit\u00e0 dei contenuti e del targeting che ci \u00e8 stato assegnato. Ad esempio, potremmo ottenere risultati leggermente migliori dall&#8217;account di un fotografo rispetto a quello di un&#8217;azienda contabile. Il fotografo probabilmente pubblicher\u00e0 molte immagini di alta qualit\u00e0 e quindi crescer\u00e0 un po&#8217; pi\u00f9 velocemente.<\/p>&#13;\n<p class=\"text-xl text-gray-500 leading-8\">A causa della quantit\u00e0 di lavoro che dedichiamo a tutte le nostre campagne, forniamo rimborsi caso per caso. Tuttavia, ci riserviamo il diritto di rifiutare i rimborsi. I crediti possono essere concessi una volta che il team di Customer Success ha ricevuto l&#8217;approvazione per un credito. Prima che vengano offerti dei crediti, sar\u00e0 possibile continuare a ricevere follower o like invece di interrompere la consegna. Se si sceglie di ricevere un credito, questo verr\u00e0 inviato al proprio indirizzo e-mail. Il valore sar\u00e0 quello dell&#8217;ordine originale per il quale si richiede il rimborso. Considerate questo credito come un buono elettronico da spendere quando siete pronti. Il credito \u00e8 valido per 1 anno dal momento dell&#8217;emissione, su qualsiasi prodotto. Questo credito viene emesso con un codice di riscatto che pu\u00f2 essere utilizzato nella nostra casella &#8220;codice di sconto&#8221;. Potete utilizzare il vostro credito per voi stessi o per qualcun altro.<\/p>&#13;\n<p>Baduno GmbH<br\/><br\/><\/p>&#13;\n<\/div>&#13;\n<\/div>&#13;","protected":false},"excerpt":{"rendered":"<p>&#13; Refund Policy &#13; &#13; &#13; &#13; Baduno si dedica al successo dei suoi stimati clienti. Lavoriamo instancabilmente per realizzare [&hellip;]<\/p>\n","protected":false},"author":1,"featured_media":0,"parent":0,"menu_order":0,"comment_status":"closed","ping_status":"closed","template":"","meta":{"footnotes":""},"class_list":["post-763","page","type-page","status-publish","hentry"],"_links":{"self":[{"href":"https:\/\/www.etrust.website\/it\/wp-json\/wp\/v2\/pages\/763","targetHints":{"allow":["GET"]}}],"collection":[{"href":"https:\/\/www.etrust.website\/it\/wp-json\/wp\/v2\/pages"}],"about":[{"href":"https:\/\/www.etrust.website\/it\/wp-json\/wp\/v2\/types\/page"}],"author":[{"embeddable":true,"href":"https:\/\/www.etrust.website\/it\/wp-json\/wp\/v2\/users\/1"}],"replies":[{"embeddable":true,"href":"https:\/\/www.etrust.website\/it\/wp-json\/wp\/v2\/comments?post=763"}],"version-history":[{"count":1,"href":"https:\/\/www.etrust.website\/it\/wp-json\/wp\/v2\/pages\/763\/revisions"}],"predecessor-version":[{"id":773,"href":"https:\/\/www.etrust.website\/it\/wp-json\/wp\/v2\/pages\/763\/revisions\/773"}],"wp:attachment":[{"href":"https:\/\/www.etrust.website\/it\/wp-json\/wp\/v2\/media?parent=763"}],"curies":[{"name":"wp","href":"https:\/\/api.w.org\/{rel}","templated":true}]}}