{"id":603,"date":"2022-06-26T14:36:57","date_gmt":"2022-06-26T14:36:57","guid":{"rendered":"https:\/\/www.baduno.com\/product\/vantaggio-del-marketing-sociale\/"},"modified":"2022-06-26T14:36:57","modified_gmt":"2022-06-26T14:36:57","slug":"marketing-sociale-vantaggio","status":"publish","type":"product","link":"https:\/\/www.etrust.website\/it\/prodotto\/marketing-sociale-vantaggio\/","title":{"rendered":"Vantaggio del marketing sociale"},"content":{"rendered":"<p><strong>Altre aziende stanno spaccando sui social media<\/strong><\/p>\n<p>Queste note piattaforme sociali hanno una portata gigantesca! Facebook da solo ha oltre 2 miliardi di utenti attivi e una pletora di strumenti di facile utilizzo progettati per incoraggiare le cose a diventare virali. E poi c&#8217;\u00e8 il fatto che i social media permettono di coinvolgere il pubblico e di comunicare direttamente con lui. Costruendo un rapporto con i vostri follower, potete assicurarvi che i vostri prodotti e contenuti abbiano una reale risonanza con loro, dando loro ci\u00f2 che desiderano. Potete ottenere veri e propri fan che condivideranno tutto ci\u00f2 che create e acquisteranno quasi tutti i contenuti che pubblicate.<\/p>\n<p><strong>Ecco il vantaggio del marketing sociale<\/strong><\/p>\n<p>Se questo vi sembra esattamente il colpo di fulmine di cui la vostra azienda ha bisogno per entrare nel 21\u00b0 secolo, tuffatevi! Quindi, se al momento state gestendo &#8220;a met\u00e0&#8221; una campagna sociale, avete bisogno di questo prodotto. Questo vi porter\u00e0 da principianti a esperti e vi fornir\u00e0 alcune potenti intuizioni e strategie avanzate che vi aiuteranno a superare la concorrenza.<\/p>\n","protected":false},"excerpt":{"rendered":"<p><strong>&#8220;Scoprite il programma passo dopo passo per dominare il social media marketing e ottenere profitti&#8230; a partire da oggi!&#8221;.<\/strong><\/p>\n<p>Questo corso completo dalla A alla Z in 8 parti sul social media marketing vi guider\u00e0 da zero a nuovi clienti! Siete pronti a ottenere finalmente la MANO SUPERIORE nei vostri sforzi di social media marketing? Tante piccole imprese, imprenditori e altri hanno marchi che vogliono promuovere, ma non hanno la minima idea di come farlo in modo efficace su Facebook, Twitter e Instagram&#8230; Per non parlare di LinkedIn, Google Plus o Pinterest!<\/p>\n","protected":false},"featured_media":204,"comment_status":"open","ping_status":"closed","template":"","meta":[],"product_cat":[54],"product_tag":[],"class_list":{"0":"post-603","1":"product","2":"type-product","3":"status-publish","4":"has-post-thumbnail","6":"product_cat-marketing-sui-social-media","8":"first","9":"instock","10":"sale","11":"downloadable","12":"shipping-taxable","13":"purchasable","14":"product-type-simple"},"_links":{"self":[{"href":"https:\/\/www.etrust.website\/it\/wp-json\/wp\/v2\/product\/603","targetHints":{"allow":["GET"]}}],"collection":[{"href":"https:\/\/www.etrust.website\/it\/wp-json\/wp\/v2\/product"}],"about":[{"href":"https:\/\/www.etrust.website\/it\/wp-json\/wp\/v2\/types\/product"}],"replies":[{"embeddable":true,"href":"https:\/\/www.etrust.website\/it\/wp-json\/wp\/v2\/comments?post=603"}],"wp:featuredmedia":[{"embeddable":true,"href":"https:\/\/www.etrust.website\/it\/wp-json\/wp\/v2\/media\/204"}],"wp:attachment":[{"href":"https:\/\/www.etrust.website\/it\/wp-json\/wp\/v2\/media?parent=603"}],"wp:term":[{"taxonomy":"product_cat","embeddable":true,"href":"https:\/\/www.etrust.website\/it\/wp-json\/wp\/v2\/product_cat?post=603"},{"taxonomy":"product_tag","embeddable":true,"href":"https:\/\/www.etrust.website\/it\/wp-json\/wp\/v2\/product_tag?post=603"}],"curies":[{"name":"wp","href":"https:\/\/api.w.org\/{rel}","templated":true}]}}