{"id":626,"date":"2022-06-26T17:25:19","date_gmt":"2022-06-26T17:25:19","guid":{"rendered":"https:\/\/www.baduno.com\/product\/gli-annunci-su-facebook-sono-stati-studiati-a-fondo\/"},"modified":"2022-06-26T17:25:19","modified_gmt":"2022-06-26T17:25:19","slug":"facebook-ads-masterizzato","status":"publish","type":"product","link":"https:\/\/www.etrust.website\/it\/prodotto\/facebook-ads-masterizzato\/","title":{"rendered":"Gli annunci su Facebook sono stati studiati a fondo"},"content":{"rendered":"<p>Le inserzioni su Facebook stanno diventando sempre pi\u00f9 popolari come forma di pubblicit\u00e0 perch\u00e9 sono molto efficaci. Tuttavia, se non si sta attenti, si pu\u00f2 avere una vera sorpresa quando si scopre che la bolletta per pochi giorni \u00e8 di centinaia di dollari. Ecco perch\u00e9 \u00e8 cos\u00ec importante creare una soglia di click through rate. Inoltre, alcuni annunci avranno prestazioni superiori ad altri. L&#8217;ultima cosa che volete che accada \u00e8 che buttiate via il vostro denaro per gli annunci che non hanno un buon rendimento. Questo \u00e8 un altro buon motivo per avere una soglia di click through rate per tutte le campagne pubblicitarie di Facebook. Vediamo un esempio. Supponiamo di creare una campagna che abbia lo scopo di portare pi\u00f9 persone sulla nostra pagina per aumentare i nostri fan a meno di 0,30 dollari a fan. Tuttavia, il nostro annuncio ha generato 3 fan con l&#8217;offerta minima e 21 fan con l&#8217;offerta massima. Questo supponendo che tutti i nostri clic si siano convertiti in like. Ci\u00f2 significa che il nostro costo per ventilatore variava tra 0,65 e 5,60 dollari e la maggior parte si collocava nella fascia pi\u00f9 alta. Il risultato finale \u00e8 che avremmo eliminato l&#8217;annuncio per le sue scarse prestazioni. Il denaro speso per l&#8217;annuncio avrebbe potuto essere molto inferiore se avessimo creato una soglia pubblicitaria su Facebook. \u00c8 importante determinare il tasso di click-through che vi va bene e quindi eliminare immediatamente gli annunci che non hanno un rendimento conforme agli standard da voi stabiliti. In questo modo, vi assicurerete di non avere grosse sorprese o bollette che non potete permettervi. Ricordate che quando impostate le vostre campagne pubblicitarie su Facebook fornite i dati della vostra carta di credito e l&#8217;autorizzazione all&#8217;addebito su tale carta, quindi \u00e8 davvero importante che sappiate cosa vi verr\u00e0 addebitato. Le campagne pubblicitarie su Facebook sono un ottimo modo per portare nuovi visitatori alla vostra pagina Facebook, al vostro sito web o per realizzare una promozione, per citarne solo alcune. Tuttavia, prima di buttarvi a capofitto, vi invitiamo a dedicare un po&#8217; di tempo a imparare e capire come funzionano gli annunci di Facebook, in modo che la vostra esperienza sia positiva e possiate effettivamente raccogliere i frutti di una campagna pubblicitaria su Facebook. Perch\u00e9 se non capite come si svolge il tutto, rischiate di incorrere in una spesa molto elevata che non andr\u00e0 a vostro vantaggio.<\/p>\n","protected":false},"excerpt":{"rendered":"<p>Una campagna pubblicitaria su Facebook efficace non si limita a pubblicare l&#8217;annuncio su Facebook. Certo, a volte si pu\u00f2 essere fortunati e avere successo con questo tipo di campagna pubblicitaria su Facebook, ma si pu\u00f2 garantire un successo regolare creando annunci efficaci utilizzando questi 5 consigli.<\/p>\n","protected":false},"featured_media":284,"comment_status":"open","ping_status":"closed","template":"","meta":[],"product_cat":[63],"product_tag":[],"class_list":{"0":"post-626","1":"product","2":"type-product","3":"status-publish","4":"has-post-thumbnail","6":"product_cat-marketing-sociale-online","8":"first","9":"instock","10":"sale","11":"downloadable","12":"shipping-taxable","13":"purchasable","14":"product-type-simple"},"_links":{"self":[{"href":"https:\/\/www.etrust.website\/it\/wp-json\/wp\/v2\/product\/626","targetHints":{"allow":["GET"]}}],"collection":[{"href":"https:\/\/www.etrust.website\/it\/wp-json\/wp\/v2\/product"}],"about":[{"href":"https:\/\/www.etrust.website\/it\/wp-json\/wp\/v2\/types\/product"}],"replies":[{"embeddable":true,"href":"https:\/\/www.etrust.website\/it\/wp-json\/wp\/v2\/comments?post=626"}],"wp:featuredmedia":[{"embeddable":true,"href":"https:\/\/www.etrust.website\/it\/wp-json\/wp\/v2\/media\/284"}],"wp:attachment":[{"href":"https:\/\/www.etrust.website\/it\/wp-json\/wp\/v2\/media?parent=626"}],"wp:term":[{"taxonomy":"product_cat","embeddable":true,"href":"https:\/\/www.etrust.website\/it\/wp-json\/wp\/v2\/product_cat?post=626"},{"taxonomy":"product_tag","embeddable":true,"href":"https:\/\/www.etrust.website\/it\/wp-json\/wp\/v2\/product_tag?post=626"}],"curies":[{"name":"wp","href":"https:\/\/api.w.org\/{rel}","templated":true}]}}