{"id":644,"date":"2022-06-26T18:14:04","date_gmt":"2022-06-26T18:14:04","guid":{"rendered":"https:\/\/www.baduno.com\/product\/la-mia-formula-facebook\/"},"modified":"2022-12-22T20:00:18","modified_gmt":"2022-12-22T20:00:18","slug":"la-mia-formula-facebook","status":"publish","type":"product","link":"https:\/\/www.etrust.website\/it\/prodotto\/la-mia-formula-facebook\/","title":{"rendered":"La mia formula Facebook"},"content":{"rendered":"<p>L&#8217;unico vantaggio che avete, come piccoli imprenditori, rispetto a una grande azienda, sono le relazioni. S\u00ec, avete sentito bene! \u00c8 pi\u00f9 probabile che voi dedichiate del tempo alla costruzione di relazioni con i vostri clienti rispetto a qualsiasi grande azienda, poich\u00e9 queste ultime si concentrano soprattutto sui loro profitti e sul ROI, trascurando strategie e tattiche che potrebbero non tradursi immediatamente in risultati tangibili. Tuttavia, anche i &#8220;grandi&#8221; stanno iniziando a comprendere il valore dei siti di social media e della costruzione di relazioni con i propri clienti, ed \u00e8 per questo che dovete saltare su questo treno di opportunit\u00e0 prima che vi passi davanti.<\/p>\n","protected":false},"excerpt":{"rendered":"<p>Internet e soprattutto i siti di social media hanno fatto s\u00ec che il confine tra la nostra vita sociale e quella professionale si confondesse sempre di pi\u00f9 ogni giorno che passa. I siti di social media offrono alle persone l&#8217;opportunit\u00e0 di connettersi con vecchi amici, di farsene di nuovi e di espandere la propria rete professionale con pochi clic, comodamente da casa.<\/p>\n","protected":false},"featured_media":344,"comment_status":"open","ping_status":"closed","template":"","meta":[],"product_cat":[63],"product_tag":[],"class_list":{"0":"post-644","1":"product","2":"type-product","3":"status-publish","4":"has-post-thumbnail","6":"product_cat-marketing-sociale-online","8":"first","9":"instock","10":"sale","11":"downloadable","12":"shipping-taxable","13":"purchasable","14":"product-type-simple"},"_links":{"self":[{"href":"https:\/\/www.etrust.website\/it\/wp-json\/wp\/v2\/product\/644","targetHints":{"allow":["GET"]}}],"collection":[{"href":"https:\/\/www.etrust.website\/it\/wp-json\/wp\/v2\/product"}],"about":[{"href":"https:\/\/www.etrust.website\/it\/wp-json\/wp\/v2\/types\/product"}],"replies":[{"embeddable":true,"href":"https:\/\/www.etrust.website\/it\/wp-json\/wp\/v2\/comments?post=644"}],"wp:featuredmedia":[{"embeddable":true,"href":"https:\/\/www.etrust.website\/it\/wp-json\/wp\/v2\/media\/344"}],"wp:attachment":[{"href":"https:\/\/www.etrust.website\/it\/wp-json\/wp\/v2\/media?parent=644"}],"wp:term":[{"taxonomy":"product_cat","embeddable":true,"href":"https:\/\/www.etrust.website\/it\/wp-json\/wp\/v2\/product_cat?post=644"},{"taxonomy":"product_tag","embeddable":true,"href":"https:\/\/www.etrust.website\/it\/wp-json\/wp\/v2\/product_tag?post=644"}],"curies":[{"name":"wp","href":"https:\/\/api.w.org\/{rel}","templated":true}]}}